{"id":3177,"date":"2020-05-26T13:00:51","date_gmt":"2020-05-26T11:00:51","guid":{"rendered":"https:\/\/www.alhenaservice.com\/cookie-policy\/"},"modified":"2020-05-26T13:00:59","modified_gmt":"2020-05-26T11:00:59","slug":"cookie-policy","status":"publish","type":"page","link":"https:\/\/www.alhenaservice.com\/fr\/cookie-policy\/","title":{"rendered":"Cookie policy"},"content":{"rendered":"\t\t<div data-elementor-type=\"wp-page\" data-elementor-id=\"3177\" class=\"elementor elementor-3177 elementor-2225\" data-elementor-post-type=\"page\">\n\t\t\t\t\t\t<section class=\"elementor-section elementor-top-section elementor-element elementor-element-b668e66 elementor-section-boxed elementor-section-height-default elementor-section-height-default\" data-id=\"b668e66\" data-element_type=\"section\" data-e-type=\"section\" data-settings=\"{&quot;jet_parallax_layout_list&quot;:[{&quot;jet_parallax_layout_image&quot;:{&quot;url&quot;:&quot;&quot;,&quot;id&quot;:&quot;&quot;,&quot;size&quot;:&quot;&quot;},&quot;_id&quot;:&quot;801d698&quot;,&quot;jet_parallax_layout_image_tablet&quot;:{&quot;url&quot;:&quot;&quot;,&quot;id&quot;:&quot;&quot;,&quot;size&quot;:&quot;&quot;},&quot;jet_parallax_layout_image_mobile&quot;:{&quot;url&quot;:&quot;&quot;,&quot;id&quot;:&quot;&quot;,&quot;size&quot;:&quot;&quot;},&quot;jet_parallax_layout_speed&quot;:{&quot;unit&quot;:&quot;%&quot;,&quot;size&quot;:50,&quot;sizes&quot;:[]},&quot;jet_parallax_layout_type&quot;:&quot;scroll&quot;,&quot;jet_parallax_layout_direction&quot;:null,&quot;jet_parallax_layout_fx_direction&quot;:null,&quot;jet_parallax_layout_z_index&quot;:&quot;&quot;,&quot;jet_parallax_layout_bg_x&quot;:50,&quot;jet_parallax_layout_bg_y&quot;:50,&quot;jet_parallax_layout_bg_size&quot;:&quot;auto&quot;,&quot;jet_parallax_layout_animation_prop&quot;:&quot;transform&quot;,&quot;jet_parallax_layout_on&quot;:[&quot;desktop&quot;,&quot;tablet&quot;],&quot;jet_parallax_layout_bg_x_tablet&quot;:&quot;&quot;,&quot;jet_parallax_layout_bg_x_mobile&quot;:&quot;&quot;,&quot;jet_parallax_layout_bg_y_tablet&quot;:&quot;&quot;,&quot;jet_parallax_layout_bg_y_mobile&quot;:&quot;&quot;,&quot;jet_parallax_layout_bg_size_tablet&quot;:&quot;&quot;,&quot;jet_parallax_layout_bg_size_mobile&quot;:&quot;&quot;}]}\">\n\t\t\t\t\t\t<div class=\"elementor-container elementor-column-gap-default\">\n\t\t\t\t\t<div class=\"elementor-column elementor-col-100 elementor-top-column elementor-element elementor-element-99218ca\" data-id=\"99218ca\" data-element_type=\"column\" data-e-type=\"column\">\n\t\t\t<div class=\"elementor-widget-wrap elementor-element-populated\">\n\t\t\t\t\t\t<div class=\"elementor-element elementor-element-04b4c96 elementor-widget elementor-widget-text-editor\" data-id=\"04b4c96\" data-element_type=\"widget\" data-e-type=\"widget\" data-widget_type=\"text-editor.default\">\n\t\t\t\t<div class=\"elementor-widget-container\">\n\t\t\t\t\t\t\t\t\t<h2>Information sur les cookies<\/h2>\n<p>Les softwares utilis\u00e9s peuvent avoir la technologie \u00ab cookie \u00bb Les cookies ont surtout la fonction d\u2019aider pendant la navigation internet par l\u2019utilisateur. Les cookies peuvent donner des informations sur la navigation du Site et permettre le fonctionnement de quelques services que demandes l\u2019identification du parcours de l\u2019utilisateur par plusieurs pages du site. Pour chaque acc\u00e8s \u00e0 la page outre le fait qu\u2019il y a des cookies, ils seront enregistr\u00e9s la typologie de browser du syst\u00e8me op\u00e9ratif (par ex. Microsoft, Apple, Android, linux, etc), l\u2019host et l\u2019URL de<br \/>provenance du visitateur, en plus de les donn\u00e9es de la page recherch\u00e9e. L\u2019utilisateur a dans tous les cas la possibilit\u00e9 de g\u00e9rer son browser en fa\u00e7on telle qu\u2019il peut \u00eatre inform\u00e9 quand il re\u00e7oive un cookie et d\u00e9cider si l\u2019\u00e9liminer. Plus de informations sure les cookies sont disponibles sur les sites web dei fournisseurs de browsers<\/p>\n<p><strong>Qu\u2019est que sont les cookies ?<\/strong><br \/>Les cookies sont des textes des petites dimensions conserv\u00e9es dans l\u2019ordinateur de l\u2019utilisateur, pendant la visite des certaines pages sur internet. Dans la plusieurs partie des browsers les cookies sont activ\u00e9s, \u00e0 la fine de la page les instructions pour modifier les informations n\u00e9cessaires des cookies sur le browser. Les cookies ne sont pas dangereux pour le device. Dans les cookies que nous g\u00eanerons, nous ne conservons pas les informations d\u2019identifications personnelles, mais nous utilisons les informations pour rendre meilleure la permanence sur le site.<br \/>Pour exemple elles sont utiles pour identifier et r\u00e9soudre les probl\u00e8mes.<br \/>Les cookies ont plusieurs fonctions, comme par ex. la navigation entre diff\u00e9rentes pages efficacement, et, en g\u00e9n\u00e9ral, ils peuvent am\u00e9liorer la permanence de l\u2019utilisateur. Le titulaire a le droit d\u2019utiliser les cookies, avec consentement de l\u2019utilisateur o\u00f9 la loi ou la r\u00e8glementation en vigueur \u00e9tablissent ainsi, pour faciliter la navigation sur ce site-ci<br \/>et personnaliser les informations qui appara\u00eetront. Le titulaire a le droit, en plus, d\u2019utiliser syst\u00e8mes similaires pour r\u00e9cup\u00e9rer les informations sur les utilisateurs sur site, comme pour ex. typologie de browser internet, syst\u00e8me op\u00e9rationnel utilis\u00e9, \u00e0 des fins statistiques ou de s\u00e9curit\u00e9.<\/p>\n<p><strong>Typologie des cookies<\/strong><br \/>Les cookies sont ensuite divis\u00e9s en \u00ab\u00a0session\u00a0\u00bb et \u00ab\u00a0persistants\u00a0\u00bb, les premiers une fois d\u00e9charg\u00e9s sont \u00e9limin\u00e9s \u00e0 la fermeture du browser ; les secondes, au contraire, sont m\u00e9moris\u00e9 jusqu\u2019\u00e0 leur date limite ou \u00e9limination. Les cookies de session utilis\u00e9s ont la fonction de rendre plus vite l\u2019analyse du trafic sur internet et faciliter les utilisateurs dans l\u2019acc\u00e8s aux services du site. Les cookies de session viennent surtout utilis\u00e9s pendant l\u2019authentification, autorisation et navigation dans les services auxquels on acc\u00e8s par une registration. La plupart des browsers est d\u00e9j\u00e0 r\u00e9gl\u00e9e pour accepter les cookies.<br \/>Si ion ne veut pas accepter les cookies, il est possible r\u00e9gler l\u2019ordinateur pour les refuser ou per recevoir un avis quand ils viennent archiv\u00e9s. Si l&rsquo;int\u00e9ress\u00e9 refuse l&rsquo;utilisation de cookies, certaines fonctionnalit\u00e9s du site peuvent ne pas fonctionner correctement et certains services peuvent ne pas \u00eatre disponibles. L&rsquo;utilisation des cookies de session est strictement<br \/>limit\u00e9e \u00e0 la transmission des identifiants de session, n\u00e9cessaire pour permettre une exploration s\u00fbre et efficace du site.<br \/>Ces donn\u00e9es sont de nature technique, de validit\u00e9 temporaire et ne sont pas collect\u00e9es \u00e0 des fins d&rsquo;identification des utilisateurs mais, en raison de leur fonctionnement et en combinaison avec d&rsquo;autres donn\u00e9es d\u00e9tenues par des tiers (par exemple le fournisseur de connexion Internet de l&rsquo;int\u00e9ress\u00e9), elles pourraient permettre identification. Les cookies propri\u00e9taires ne sont lisibles que sur le domaine qui les a cr\u00e9\u00e9s.<\/p>\n\t\t\t\t\t\t\t\t<\/div>\n\t\t\t\t<\/div>\n\t\t\t\t<div class=\"elementor-element elementor-element-2ecfaa6 elementor-widget elementor-widget-text-editor\" data-id=\"2ecfaa6\" data-element_type=\"widget\" data-e-type=\"widget\" data-widget_type=\"text-editor.default\">\n\t\t\t\t<div class=\"elementor-widget-container\">\n\t\t\t\t\t\t\t\t\t<p><strong>Quelles cookies nous allons utiliser<\/strong><\/p>\n<table>\n<tbody>\n<tr>\n<td width=\"25%\">Cookies techniques de navigation<\/td>\n<td>Ce sont des cookies qui garantissent la navigation et l&rsquo;utilisation normales du site et qui permettent la connexion entre le serveur et le navigateur de l&rsquo;utilisateur.<br \/>\nCe sont des cookies indispensables \u00e0 la navigation (par exemple des identifiants de session) qui vous permettent d&rsquo;utiliser les principales fonctionnalit\u00e9s du site et de prot\u00e9ger la connexion.<br \/>\nSans ces cookies, il peut ne pas \u00eatre possible d&rsquo;utiliser le site normalement.<\/td>\n<\/tr>\n<tr>\n<td width=\"25%\">Cookie fonctionnels<\/td>\n<td>Ce sont des cookies stock\u00e9s sur l&rsquo;ordinateur ou un autre appareil qui, en fonction de la demande de l&rsquo;utilisateur, enregistrent les choix de celui-ci, pour leur permettre de les rappeler afin d&rsquo;optimiser et de fournir une navigation am\u00e9lior\u00e9e et personnalis\u00e9e au sein du service ou l&rsquo;acc\u00e8s \u00e0 ce site. (par exemple, inscription dans des zones r\u00e9serv\u00e9es, stockage de produits dans le panier pour avoir la possibilit\u00e9 de les trouver dans la prochaine session, enregistrer la langue s\u00e9lectionn\u00e9e, visionner une vid\u00e9o ou la possibilit\u00e9 de commenter sur le blog, etc.).<br \/>\nLes cookies fonctionnels ne sont pas essentiels au fonctionnement du site, mais am\u00e9liorent la qualit\u00e9 et l&rsquo;exp\u00e9rience de navigation.<\/td>\n<\/tr>\n<tr>\n<td width=\"25%\">Cookies analytiques<\/td>\n<td>Ce sont des cookies qui collectent des informations sur la fa\u00e7on dont l&rsquo;utilisateur utilise le site Web, telles que les pages Web les plus visit\u00e9es. Ce site utilise des cookies tiers \u00ab\u00a0Google Analytcs\u00a0\u00bb. Google Analitycs est un site de statistiques, par exemple il calcule le nombre de visiteurs, quel type de technologie ils utilisent (par exemple Mac ou Windows), combien de temps ils passent sur le site &#8230; Toutes les donn\u00e9es collect\u00e9es sont anonymes et sous forme agr\u00e9g\u00e9e donc pas de profilage. Les informations g\u00e9n\u00e9r\u00e9es par le cookie sur l&rsquo;utilisation du site Web par l&rsquo;utilisateur (y compris l&rsquo;adresse IP) sont transmises et stock\u00e9es sur les serveurs de Google.<br \/>\nAdresses utiles pour mieux comprendre la politique de confidentialit\u00e9 de Google Analytics:<\/p>\n<ul>\n<li><a href=\"http:\/\/www.google.com\/analytics\/terms\/it.html\" target=\"_blank\" rel=\"noopener\">http:\/\/www.google.com\/analytics\/terms\/it.html<\/a><\/li>\n<li><a href=\"http:\/\/www.google.com\/privacypolicy.html\" target=\"_blank\" rel=\"noopener\">http:\/\/www.google.com\/privacypolicy.html<\/a><\/li>\n<\/ul>\n<p>Les cookies analytiques ne sont pas indispensables au fonctionnement du site.<\/td>\n<\/tr>\n<tr>\n<td width=\"25%\">Cookies fournissant des cartes interactives<\/td>\n<td>Ces cookies vous permettent d&rsquo;inclure des cartes interactives sur ce site. utilisez Google Maps.<br \/>\nPour plus d&rsquo;informations sur les cookies de Google Maps <a href=\"http:\/\/www.google.co.uk\/intl\/it_IT\/policies\/\" target=\"_blank\" rel=\"noopener\">http:\/\/www.google.co.uk\/intl\/it_IT\/policies\/<\/a><br \/>\nCe type de cookie n&rsquo;est pas indispensable au fonctionnement du site.<\/td>\n<\/tr>\n<\/tbody>\n<\/table>\n\t\t\t\t\t\t\t\t<\/div>\n\t\t\t\t<\/div>\n\t\t\t\t<div class=\"elementor-element elementor-element-365d0c3 elementor-widget elementor-widget-text-editor\" data-id=\"365d0c3\" data-element_type=\"widget\" data-e-type=\"widget\" data-widget_type=\"text-editor.default\">\n\t\t\t\t<div class=\"elementor-widget-container\">\n\t\t\t\t\t\t\t\t\t<p><strong>Comment d\u00e9sactiver les cookies?<\/strong><br \/>Attention : en relation avec la d\u00e9sactivation par l&rsquo;utilisateur de tous types de cookies (y compris techniques), il convient de noter que certaines fonctionnalit\u00e9s du site peuvent \u00eatre r\u00e9duites ou indisponibles.<br \/>La plupart des navigateurs acceptent automatiquement les cookies, mais vous pouvez \u00e9galement choisir de ne pas les accepter.<br \/>Si vous ne souhaitez pas que votre ordinateur re\u00e7oive et stocke des cookies, vous pouvez modifier les param\u00e8tres de s\u00e9curit\u00e9 de votre navigateur (Internet Explorer, Google Chrome, Mozilla Firefox, Safari etc &#8230;). Il existe plusieurs fa\u00e7ons de g\u00e9rer les cookies et d&rsquo;autres technologies de tra\u00e7abilit\u00e9.<br \/>En modifiant les param\u00e8tres de votre navigateur, vous pouvez accepter ou refuser les cookies ou d\u00e9cider de recevoir un message d&rsquo;avertissement avant d&rsquo;accepter un cookie des sites Web que vous visitez. Vous pouvez supprimer tous les cookies install\u00e9s dans le dossier des cookies de votre navigateur. Chaque navigateur a des proc\u00e9dures diff\u00e9rentes pour g\u00e9rer les param\u00e8tres.<br \/>Les cookies peuvent \u00eatre d\u00e9sactiv\u00e9s directement depuis votre navigateur Web.<br \/>Pour des informations plus d\u00e9taill\u00e9es sur les options de d\u00e9sactivation des cookies, voici la liste des liens pour configurer les navigateurs les plus populaires.<br \/>Comment d\u00e9sactiver les cookies dans Firefox<br \/>Comment d\u00e9sactiver les cookies dans Chrome<br \/>Comment d\u00e9sactiver les cookies dans Internet Explorer<br \/>Comment d\u00e9sactiver les cookies dans Safari<br \/>Comment d\u00e9sactiver les cookies dans Opera<br \/>Si vous n&rsquo;utilisez aucun des navigateurs r\u00e9pertori\u00e9s ci-dessus, s\u00e9lectionnez \u00ab\u00a0cookies\u00a0\u00bb dans la section appropri\u00e9e du guide pour savoir o\u00f9 se trouve votre dossier de cookies.<\/p>\n<p><strong>Consentement<\/strong><br \/>Le consentement est librement exprim\u00e9 par l&rsquo;utilisateur en continuant \u00e0 naviguer, apr\u00e8s avoir lu les br\u00e8ves informations. Il convient \u00e9galement de noter qu&rsquo;\u00e0 tout moment l&rsquo;autorisation peut \u00eatre r\u00e9voqu\u00e9e et que les cookies peuvent \u00eatre d\u00e9sactiv\u00e9s comme d\u00e9crit ci-dessus.<\/p>\n<p><strong>Autres liens<\/strong><br \/>Pour fournir un meilleur service \u00e0 l&rsquo;utilisateur, ce site peut contenir des r\u00e9f\u00e9rences \u00e0 d&rsquo;autres sites Web (\u00ab\u00a0Liens\u00a0\u00bb).<br \/>Le propri\u00e9taire d\u00e9cline toute responsabilit\u00e9 pour le contenu et les mat\u00e9riaux accessibles sur ces sites ou autrement accessibles par leur interm\u00e9diaire.<br \/>Toute information concernant les sites r\u00e9f\u00e9renc\u00e9s par les liens doit \u00eatre adress\u00e9e uniquement aux administrateurs des sites concern\u00e9s.<br \/>Modifications des informations sur l&rsquo;utilisation des cookies<br \/>Afin de le maintenir \u00e0 jour, les informations sur l&rsquo;utilisation des cookies sont p\u00e9riodiquement revisit\u00e9es.<br \/>La derni\u00e8re mise \u00e0 jour de ces informations sur l&rsquo;utilisation des cookies remonte au 8 d\u00e9cembre 2018.<\/p>\n<p><strong>Contacter l&rsquo;entreprise propri\u00e9taire<\/strong><br \/>Le responsable du traitement est Alhena Service S.p.a, Via A. Tassi, 6, Parme, 43122 (PR) P.I. 023448000343, \u00e9galement accessible en appelant le 0521 469082 ou par e-mail \u00e0 <a href=\"mailto:info@alhenaservice.it\" target=\"_blank\" rel=\"noopener\">info@alhenaservice.it<\/a><\/p>\n\t\t\t\t\t\t\t\t<\/div>\n\t\t\t\t<\/div>\n\t\t\t\t\t<\/div>\n\t\t<\/div>\n\t\t\t\t\t<\/div>\n\t\t<\/section>\n\t\t\t\t<\/div>\n\t\t","protected":false},"excerpt":{"rendered":"<p>Information sur les cookies Les softwares utilis\u00e9s peuvent avoir la technologie \u00ab cookie \u00bb Les cookies ont surtout la fonction d\u2019aider pendant la navigation internet par l\u2019utilisateur. Les cookies peuvent donner des informations sur la navigation du Site et permettre le fonctionnement de quelques services que demandes l\u2019identification du parcours de l\u2019utilisateur par plusieurs pages [&hellip;]<\/p>\n","protected":false},"author":1,"featured_media":0,"parent":0,"menu_order":0,"comment_status":"closed","ping_status":"closed","template":"","meta":{"_acf_changed":false,"footnotes":""},"class_list":["post-3177","page","type-page","status-publish","hentry"],"acf":[],"yoast_head":"<!-- This site is optimized with the Yoast SEO plugin v27.1 - https:\/\/yoast.com\/product\/yoast-seo-wordpress\/ -->\n<title>Cookie policy - Alhena<\/title>\n<meta name=\"robots\" content=\"index, follow, max-snippet:-1, max-image-preview:large, max-video-preview:-1\" \/>\n<link rel=\"canonical\" href=\"https:\/\/www.alhenaservice.com\/fr\/cookie-policy\/\" \/>\n<meta property=\"og:locale\" content=\"fr_FR\" \/>\n<meta property=\"og:type\" content=\"article\" \/>\n<meta property=\"og:title\" content=\"Cookie policy - Alhena\" \/>\n<meta property=\"og:description\" content=\"Information sur les cookies Les softwares utilis\u00e9s peuvent avoir la technologie \u00ab cookie \u00bb Les cookies ont surtout la fonction d\u2019aider pendant la navigation internet par l\u2019utilisateur. Les cookies peuvent donner des informations sur la navigation du Site et permettre le fonctionnement de quelques services que demandes l\u2019identification du parcours de l\u2019utilisateur par plusieurs pages [&hellip;]\" \/>\n<meta property=\"og:url\" content=\"https:\/\/www.alhenaservice.com\/fr\/cookie-policy\/\" \/>\n<meta property=\"og:site_name\" content=\"Alhena\" \/>\n<meta property=\"article:modified_time\" content=\"2020-05-26T11:00:59+00:00\" \/>\n<meta name=\"twitter:card\" content=\"summary_large_image\" \/>\n<meta name=\"twitter:label1\" content=\"Dur\u00e9e de lecture estim\u00e9e\" \/>\n\t<meta name=\"twitter:data1\" content=\"7 minutes\" \/>\n<script type=\"application\/ld+json\" class=\"yoast-schema-graph\">{\"@context\":\"https:\/\/schema.org\",\"@graph\":[{\"@type\":\"WebPage\",\"@id\":\"https:\/\/www.alhenaservice.com\/fr\/cookie-policy\/\",\"url\":\"https:\/\/www.alhenaservice.com\/fr\/cookie-policy\/\",\"name\":\"Cookie policy - Alhena\",\"isPartOf\":{\"@id\":\"https:\/\/www.alhenaservice.com\/fr\/#website\"},\"datePublished\":\"2020-05-26T11:00:51+00:00\",\"dateModified\":\"2020-05-26T11:00:59+00:00\",\"breadcrumb\":{\"@id\":\"https:\/\/www.alhenaservice.com\/fr\/cookie-policy\/#breadcrumb\"},\"inLanguage\":\"fr-FR\",\"potentialAction\":[{\"@type\":\"ReadAction\",\"target\":[\"https:\/\/www.alhenaservice.com\/fr\/cookie-policy\/\"]}]},{\"@type\":\"BreadcrumbList\",\"@id\":\"https:\/\/www.alhenaservice.com\/fr\/cookie-policy\/#breadcrumb\",\"itemListElement\":[{\"@type\":\"ListItem\",\"position\":1,\"name\":\"Home\",\"item\":\"https:\/\/www.alhenaservice.com\/fr\/\"},{\"@type\":\"ListItem\",\"position\":2,\"name\":\"Cookie policy\"}]},{\"@type\":\"WebSite\",\"@id\":\"https:\/\/www.alhenaservice.com\/fr\/#website\",\"url\":\"https:\/\/www.alhenaservice.com\/fr\/\",\"name\":\"Alhena\",\"description\":\"expertise globale\",\"publisher\":{\"@id\":\"https:\/\/www.alhenaservice.com\/fr\/#organization\"},\"potentialAction\":[{\"@type\":\"SearchAction\",\"target\":{\"@type\":\"EntryPoint\",\"urlTemplate\":\"https:\/\/www.alhenaservice.com\/fr\/?s={search_term_string}\"},\"query-input\":{\"@type\":\"PropertyValueSpecification\",\"valueRequired\":true,\"valueName\":\"search_term_string\"}}],\"inLanguage\":\"fr-FR\"},{\"@type\":\"Organization\",\"@id\":\"https:\/\/www.alhenaservice.com\/fr\/#organization\",\"name\":\"Alhena\",\"url\":\"https:\/\/www.alhenaservice.com\/fr\/\",\"logo\":{\"@type\":\"ImageObject\",\"inLanguage\":\"fr-FR\",\"@id\":\"https:\/\/www.alhenaservice.com\/fr\/#\/schema\/logo\/image\/\",\"url\":\"https:\/\/www.alhenaservice.com\/wp-content\/uploads\/logo-sito-alhena.png\",\"contentUrl\":\"https:\/\/www.alhenaservice.com\/wp-content\/uploads\/logo-sito-alhena.png\",\"width\":710,\"height\":240,\"caption\":\"Alhena\"},\"image\":{\"@id\":\"https:\/\/www.alhenaservice.com\/fr\/#\/schema\/logo\/image\/\"}}]}<\/script>\n<!-- \/ Yoast SEO plugin. -->","yoast_head_json":{"title":"Cookie policy - Alhena","robots":{"index":"index","follow":"follow","max-snippet":"max-snippet:-1","max-image-preview":"max-image-preview:large","max-video-preview":"max-video-preview:-1"},"canonical":"https:\/\/www.alhenaservice.com\/fr\/cookie-policy\/","og_locale":"fr_FR","og_type":"article","og_title":"Cookie policy - Alhena","og_description":"Information sur les cookies Les softwares utilis\u00e9s peuvent avoir la technologie \u00ab cookie \u00bb Les cookies ont surtout la fonction d\u2019aider pendant la navigation internet par l\u2019utilisateur. Les cookies peuvent donner des informations sur la navigation du Site et permettre le fonctionnement de quelques services que demandes l\u2019identification du parcours de l\u2019utilisateur par plusieurs pages [&hellip;]","og_url":"https:\/\/www.alhenaservice.com\/fr\/cookie-policy\/","og_site_name":"Alhena","article_modified_time":"2020-05-26T11:00:59+00:00","twitter_card":"summary_large_image","twitter_misc":{"Dur\u00e9e de lecture estim\u00e9e":"7 minutes"},"schema":{"@context":"https:\/\/schema.org","@graph":[{"@type":"WebPage","@id":"https:\/\/www.alhenaservice.com\/fr\/cookie-policy\/","url":"https:\/\/www.alhenaservice.com\/fr\/cookie-policy\/","name":"Cookie policy - Alhena","isPartOf":{"@id":"https:\/\/www.alhenaservice.com\/fr\/#website"},"datePublished":"2020-05-26T11:00:51+00:00","dateModified":"2020-05-26T11:00:59+00:00","breadcrumb":{"@id":"https:\/\/www.alhenaservice.com\/fr\/cookie-policy\/#breadcrumb"},"inLanguage":"fr-FR","potentialAction":[{"@type":"ReadAction","target":["https:\/\/www.alhenaservice.com\/fr\/cookie-policy\/"]}]},{"@type":"BreadcrumbList","@id":"https:\/\/www.alhenaservice.com\/fr\/cookie-policy\/#breadcrumb","itemListElement":[{"@type":"ListItem","position":1,"name":"Home","item":"https:\/\/www.alhenaservice.com\/fr\/"},{"@type":"ListItem","position":2,"name":"Cookie policy"}]},{"@type":"WebSite","@id":"https:\/\/www.alhenaservice.com\/fr\/#website","url":"https:\/\/www.alhenaservice.com\/fr\/","name":"Alhena","description":"expertise globale","publisher":{"@id":"https:\/\/www.alhenaservice.com\/fr\/#organization"},"potentialAction":[{"@type":"SearchAction","target":{"@type":"EntryPoint","urlTemplate":"https:\/\/www.alhenaservice.com\/fr\/?s={search_term_string}"},"query-input":{"@type":"PropertyValueSpecification","valueRequired":true,"valueName":"search_term_string"}}],"inLanguage":"fr-FR"},{"@type":"Organization","@id":"https:\/\/www.alhenaservice.com\/fr\/#organization","name":"Alhena","url":"https:\/\/www.alhenaservice.com\/fr\/","logo":{"@type":"ImageObject","inLanguage":"fr-FR","@id":"https:\/\/www.alhenaservice.com\/fr\/#\/schema\/logo\/image\/","url":"https:\/\/www.alhenaservice.com\/wp-content\/uploads\/logo-sito-alhena.png","contentUrl":"https:\/\/www.alhenaservice.com\/wp-content\/uploads\/logo-sito-alhena.png","width":710,"height":240,"caption":"Alhena"},"image":{"@id":"https:\/\/www.alhenaservice.com\/fr\/#\/schema\/logo\/image\/"}}]}},"_links":{"self":[{"href":"https:\/\/www.alhenaservice.com\/fr\/wp-json\/wp\/v2\/pages\/3177","targetHints":{"allow":["GET"]}}],"collection":[{"href":"https:\/\/www.alhenaservice.com\/fr\/wp-json\/wp\/v2\/pages"}],"about":[{"href":"https:\/\/www.alhenaservice.com\/fr\/wp-json\/wp\/v2\/types\/page"}],"author":[{"embeddable":true,"href":"https:\/\/www.alhenaservice.com\/fr\/wp-json\/wp\/v2\/users\/1"}],"replies":[{"embeddable":true,"href":"https:\/\/www.alhenaservice.com\/fr\/wp-json\/wp\/v2\/comments?post=3177"}],"version-history":[{"count":3,"href":"https:\/\/www.alhenaservice.com\/fr\/wp-json\/wp\/v2\/pages\/3177\/revisions"}],"predecessor-version":[{"id":3180,"href":"https:\/\/www.alhenaservice.com\/fr\/wp-json\/wp\/v2\/pages\/3177\/revisions\/3180"}],"wp:attachment":[{"href":"https:\/\/www.alhenaservice.com\/fr\/wp-json\/wp\/v2\/media?parent=3177"}],"curies":[{"name":"wp","href":"https:\/\/api.w.org\/{rel}","templated":true}]}}