{"id":3174,"date":"2020-05-26T12:52:53","date_gmt":"2020-05-26T10:52:53","guid":{"rendered":"https:\/\/www.alhenaservice.com\/privacy-policy\/"},"modified":"2020-05-26T12:52:57","modified_gmt":"2020-05-26T10:52:57","slug":"privacy-policy","status":"publish","type":"page","link":"https:\/\/www.alhenaservice.com\/fr\/privacy-policy\/","title":{"rendered":"Privacy policy"},"content":{"rendered":"\t\t<div data-elementor-type=\"wp-page\" data-elementor-id=\"3174\" class=\"elementor elementor-3174 elementor-2218\" data-elementor-post-type=\"page\">\n\t\t\t\t\t\t<section class=\"elementor-section elementor-top-section elementor-element elementor-element-5669f945 elementor-section-boxed elementor-section-height-default elementor-section-height-default\" data-id=\"5669f945\" data-element_type=\"section\" data-e-type=\"section\" data-settings=\"{&quot;jet_parallax_layout_list&quot;:[{&quot;jet_parallax_layout_image&quot;:{&quot;url&quot;:&quot;&quot;,&quot;id&quot;:&quot;&quot;,&quot;size&quot;:&quot;&quot;},&quot;_id&quot;:&quot;801d698&quot;,&quot;jet_parallax_layout_image_tablet&quot;:{&quot;url&quot;:&quot;&quot;,&quot;id&quot;:&quot;&quot;,&quot;size&quot;:&quot;&quot;},&quot;jet_parallax_layout_image_mobile&quot;:{&quot;url&quot;:&quot;&quot;,&quot;id&quot;:&quot;&quot;,&quot;size&quot;:&quot;&quot;},&quot;jet_parallax_layout_speed&quot;:{&quot;unit&quot;:&quot;%&quot;,&quot;size&quot;:50,&quot;sizes&quot;:[]},&quot;jet_parallax_layout_type&quot;:&quot;scroll&quot;,&quot;jet_parallax_layout_direction&quot;:null,&quot;jet_parallax_layout_fx_direction&quot;:null,&quot;jet_parallax_layout_z_index&quot;:&quot;&quot;,&quot;jet_parallax_layout_bg_x&quot;:50,&quot;jet_parallax_layout_bg_y&quot;:50,&quot;jet_parallax_layout_bg_size&quot;:&quot;auto&quot;,&quot;jet_parallax_layout_animation_prop&quot;:&quot;transform&quot;,&quot;jet_parallax_layout_on&quot;:[&quot;desktop&quot;,&quot;tablet&quot;],&quot;jet_parallax_layout_bg_x_tablet&quot;:&quot;&quot;,&quot;jet_parallax_layout_bg_x_mobile&quot;:&quot;&quot;,&quot;jet_parallax_layout_bg_y_tablet&quot;:&quot;&quot;,&quot;jet_parallax_layout_bg_y_mobile&quot;:&quot;&quot;,&quot;jet_parallax_layout_bg_size_tablet&quot;:&quot;&quot;,&quot;jet_parallax_layout_bg_size_mobile&quot;:&quot;&quot;}]}\">\n\t\t\t\t\t\t<div class=\"elementor-container elementor-column-gap-default\">\n\t\t\t\t\t<div class=\"elementor-column elementor-col-100 elementor-top-column elementor-element elementor-element-533eff6f\" data-id=\"533eff6f\" data-element_type=\"column\" data-e-type=\"column\">\n\t\t\t<div class=\"elementor-widget-wrap elementor-element-populated\">\n\t\t\t\t\t\t<div class=\"elementor-element elementor-element-5665b536 elementor-widget elementor-widget-text-editor\" data-id=\"5665b536\" data-element_type=\"widget\" data-e-type=\"widget\" data-widget_type=\"text-editor.default\">\n\t\t\t\t<div class=\"elementor-widget-container\">\n\t\t\t\t\t\t\t\t\t<h2>Politique de protection des Donn\u00e9es Personnelles sur site web<\/h2>\n<p>En application du r\u00e8glement UE 2016\/679 et de la r\u00e9glementation en vigueur, \u00e0 suivre les informations relatives au traitement et \u00e0 la protection de vos donn\u00e9es personnelles.<\/p>\n<p><strong>Responsable de traitement des donn\u00e9es personnelles<\/strong><br \/>Le responsable du traitement des donn\u00e9es personnelles transmises dans le cadre notamment de la navigation sur le site est: Alhena Service S.p.a, Via A. Tassi,6, Parma, 43122 (PR) P.I. 023448000343, Tel 0521 469082 \u2013 email : info@alhenaservice.it<\/p>\n<p><strong>Pourquoi ces donn\u00e9es sont-elles collect\u00e9es<\/strong><br \/>La collecte de vos donn\u00e9es personnelles est n\u00e9cessaire \u00e0 ALHENA SERVICE SRL en vue de : r\u00e9pondre \u00e0 vos questions, la prise en compte DE VOS DEMANDES ET L\u2019ENVOIE DE DOCUMENTATION DE NOS PRODUITS ET DE NOS SERVICE COMMERCIALES CONCERNANTES VOS DEMANDES, g\u00e9rer les impay\u00e9s et les contentieux, lutter contre la fraude, adapter la pr\u00e9sentation de notre site \u00e0 votre terminal (mobile, ordinateur ou tablette). Vos donn\u00e9es entr\u00e9es par vous dans ce fichier seront utilis\u00e9 pour mieux r\u00e9pondre \u00e0 vos questions, pour l\u2019envoie des dossiers concertants les produits et services par nous vendues et concertantes votre demande, pour vous inviter \u00e0 manifestations d\u2019information et de mise \u00e0 jour de votre int\u00e9r\u00eat, et pour \u00eatre, \u00e9ventuellement, contact\u00e9 par un de nos collaborateurs. Nous sommes \u00e0 Vous demander votre consentement explicite pour proc\u00e9der aux traitements d\u00e9crits, qui seront effectu\u00e9s \u00e0 l&rsquo;aide de syst\u00e8mes informatiques et de supports papier g\u00e9r\u00e9s par des mesures de s\u00e9curit\u00e9 techniques et organisationnelles ad\u00e9quates. Sans consentement, aucune communication ou sollicitation ne vous sera envoy\u00e9e.<\/p>\n<p><strong>Comment s\u00e9curisons-nous vos donn\u00e9es personnelles?<\/strong><br \/>Les donn\u00e9es collect\u00e9es ne seront pas divulgu\u00e9es, vendues ou \u00e9chang\u00e9es avec des tiers sans votre consentement explicite, \u00e0 l&rsquo;exception de toute communication limit\u00e9e qui pourrait \u00eatre n\u00e9cessaire pour traiter la demande<\/p>\n<p><strong>Combien de temps vos donn\u00e9es seront-elles conserv\u00e9es?<\/strong><br \/>Les donn\u00e9es personnelles des prospects sont conserv\u00e9es pendant une dur\u00e9e de deux (2) ans \u00e0 compter du dernier contact positif et dans tous les cas elles sont effac\u00e9es d\u00e8s lors que le client exerce son droit \u00e0 suppression et oubli.<\/p>\n<p><strong>Diritti dell\u2019interessato<\/strong><br \/>Vous pouvez demander au Titulaire du traitement d\u2019acc\u00e9der \u00e0 l\u2019ensemble de vos donn\u00e9es, de rectifier, mettre \u00e0 jour vos donn\u00e9es, la leur suppression ou \u00e9ventuellement Demander une limitation des traitements que nous op\u00e9rons relatifs \u00e0 vos donn\u00e9es. Vous pouvez toujours demander l\u2019informative compl\u00e8te du traitement et des ses droits adressant aux contacts \u00e0 votre disposition par le Titulaire et que vous pouvez trouver indiqu\u00e9s au d\u00e9but de cette descriptif-ci.<\/p>\n<p><strong>R\u00e9vocation du consentement<\/strong><br \/>Vous pouvez \u00e0 tout moment exercer vos droits tels que d\u00e9crits ci-dessus en nous adressant votre demande au Titulaire du traitement, sans toutefois affecter les op\u00e9rations l\u00e9galement men\u00e9es jusqu&rsquo;\u00e0 ce moment.<\/p>\n<p><strong>Droit de plainte<\/strong><br \/>Si vous pensez que le traitement vous concernant viole le GDPR EU-2016\/679, vous avez le droit de d\u00e9poser une r\u00e9clamation aupr\u00e8s de l&rsquo;Autorit\u00e9 garante de la protection des donn\u00e9es personnelles via les contacts disponibles sur le site <a href=\"https:\/\/www.garanteprivacy.it\/\" target=\"_blank\" rel=\"noopener noreferrer\">https:\/\/www.garanteprivacy.it\/<\/a><\/p>\n<h3>D\u00c9FINITIONS<\/h3>\n<p><strong>ENTREPRISE<\/strong>: Alhena Service S.p.a, Via A. Tassi, 6, Parme, 43122 (PR) P.I. 023448000343, accessible \u00e9galement en appelant le 0521 469082 ou par e-mail \u00e0 privacy@alhenaservice.it<br \/><strong>SITE<\/strong>: le site www.alhenaservice.com comprenant ses sous-sites directement attribuables \u00e0 la SOCIETE et \/ ou appartenant \u00e0 des domaines r\u00e9f\u00e9ren\u00e7ables \u00e0 la SOCIETE.<br \/><strong>CONTENU<\/strong>: contenu textuel, \u00e9l\u00e9ments graphiques et photographiques, marques et logos, noms de domaine, son, musique, vid\u00e9o, contenu audiovisuel, fonctionnalit\u00e9s, documentation technique et manuels et tout mat\u00e9riel pouvant \u00eatre consult\u00e9 et accessible via le SITE.<br \/><strong>VISITEUR<\/strong>: toute personne parcourant l&rsquo;acc\u00e8s au SITE, la consultation et l&rsquo;utilisation des pages de ce SITE impliquent l&rsquo;acceptation pleine et enti\u00e8re par le VISITEUR de tout ce qui est indiqu\u00e9 dans ce document. La navigation sur le Site est \u00e0 consid\u00e9rer globalement sans frais, sans pr\u00e9judice des \u00e9ventuels frais de connexion factur\u00e9s au VISITEUR.<\/p>\n<p><strong>Droits d&rsquo;auteur<\/strong><br \/>Le CONTENU du SITE appartient \u00e0 la SOCIETE et est couvert par le droit d&rsquo;auteur. Il est interdit au VISITEUR de copier, publier, diffuser, transmettre ou autrement mettre \u00e0 disposition, m\u00eame partiellement et \/ ou suite \u00e0 des modifications, tout contenu publi\u00e9 sur ce SITE, sous peine de possibilit\u00e9 de sanctions civiles et p\u00e9nales. Il est \u00e9galement interdit de reproduire les graphismes du SITE; les \u00e9l\u00e9ments constitutifs du SITE sont prot\u00e9g\u00e9s par des accords commerciaux et leur utilisation est conforme aux lois sur les marques d\u00e9pos\u00e9es, sur la concurrence et autres lois et ne peut \u00eatre copi\u00e9e ou imit\u00e9e.<\/p>\n<p><strong>Avertissement<\/strong><br \/>Tous les contenus publi\u00e9s sur le SITE sont fournis \u00e0 titre informatif uniquement, sans garantie de leur exactitude et de leur exhaustivit\u00e9. L&rsquo;ENTREPRISE se r\u00e9serve le droit de modifier et de mettre \u00e0 jour ledit contenu sans pr\u00e9avis et sans pouvoir \u00eatre tenu responsable de tout dommage, direct ou indirect, y compris la perte de profit, r\u00e9sultant de l&rsquo;utilisation ou de l&rsquo;impossibilit\u00e9 d&rsquo;utiliser le SITE et les son contenu ou les sites qui y sont li\u00e9s directement ou indirectement, ainsi que les omissions ou erreurs.<\/p>\n<p><strong>Les noms de marques<\/strong><br \/>Les noms de produits et de soci\u00e9t\u00e9s mentionn\u00e9s sur ce SITE peuvent \u00eatre des marques commerciales de leurs propri\u00e9taires respectifs, par cons\u00e9quent leur utilisation non autoris\u00e9e est strictement interdite.<\/p>\n<p><strong>Loi applicable<\/strong><br \/>Sans pr\u00e9judice de toute disposition diff\u00e9rente de la loi, tout litige ou litige pouvant survenir concernant toute utilisation du SITE ou du CONTENU entre la SOCIETE et le VISITEUR ou avec les sujets qui ont collabor\u00e9 ou collaboreront \u00e0 sa publication ou r\u00e9daction ou mise \u00e0 jour du CONTENU, la comp\u00e9tence admise est celle de l&rsquo;Etat italien et, dans tous les cas, la loi applicable est la loi italienne en vigueur au moment du litige.<\/p>\n\t\t\t\t\t\t\t\t<\/div>\n\t\t\t\t<\/div>\n\t\t\t\t\t<\/div>\n\t\t<\/div>\n\t\t\t\t\t<\/div>\n\t\t<\/section>\n\t\t\t\t<\/div>\n\t\t","protected":false},"excerpt":{"rendered":"<p>Politique de protection des Donn\u00e9es Personnelles sur site web En application du r\u00e8glement UE 2016\/679 et de la r\u00e9glementation en vigueur, \u00e0 suivre les informations relatives au traitement et \u00e0 la protection de vos donn\u00e9es personnelles. Responsable de traitement des donn\u00e9es personnellesLe responsable du traitement des donn\u00e9es personnelles transmises dans le cadre notamment de la [&hellip;]<\/p>\n","protected":false},"author":1,"featured_media":0,"parent":0,"menu_order":0,"comment_status":"closed","ping_status":"closed","template":"","meta":{"_acf_changed":false,"footnotes":""},"class_list":["post-3174","page","type-page","status-publish","hentry"],"acf":[],"yoast_head":"<!-- This site is optimized with the Yoast SEO plugin v27.1 - https:\/\/yoast.com\/product\/yoast-seo-wordpress\/ -->\n<title>Privacy policy - Alhena<\/title>\n<meta name=\"robots\" content=\"index, follow, max-snippet:-1, max-image-preview:large, max-video-preview:-1\" \/>\n<link rel=\"canonical\" href=\"https:\/\/www.alhenaservice.com\/fr\/privacy-policy\/\" \/>\n<meta property=\"og:locale\" content=\"fr_FR\" \/>\n<meta property=\"og:type\" content=\"article\" \/>\n<meta property=\"og:title\" content=\"Privacy policy - Alhena\" \/>\n<meta property=\"og:description\" content=\"Politique de protection des Donn\u00e9es Personnelles sur site web En application du r\u00e8glement UE 2016\/679 et de la r\u00e9glementation en vigueur, \u00e0 suivre les informations relatives au traitement et \u00e0 la protection de vos donn\u00e9es personnelles. Responsable de traitement des donn\u00e9es personnellesLe responsable du traitement des donn\u00e9es personnelles transmises dans le cadre notamment de la [&hellip;]\" \/>\n<meta property=\"og:url\" content=\"https:\/\/www.alhenaservice.com\/fr\/privacy-policy\/\" \/>\n<meta property=\"og:site_name\" content=\"Alhena\" \/>\n<meta property=\"article:modified_time\" content=\"2020-05-26T10:52:57+00:00\" \/>\n<meta name=\"twitter:card\" content=\"summary_large_image\" \/>\n<meta name=\"twitter:label1\" content=\"Dur\u00e9e de lecture estim\u00e9e\" \/>\n\t<meta name=\"twitter:data1\" content=\"5 minutes\" \/>\n<script type=\"application\/ld+json\" class=\"yoast-schema-graph\">{\"@context\":\"https:\/\/schema.org\",\"@graph\":[{\"@type\":\"WebPage\",\"@id\":\"https:\/\/www.alhenaservice.com\/fr\/privacy-policy\/\",\"url\":\"https:\/\/www.alhenaservice.com\/fr\/privacy-policy\/\",\"name\":\"Privacy policy - Alhena\",\"isPartOf\":{\"@id\":\"https:\/\/www.alhenaservice.com\/fr\/#website\"},\"datePublished\":\"2020-05-26T10:52:53+00:00\",\"dateModified\":\"2020-05-26T10:52:57+00:00\",\"breadcrumb\":{\"@id\":\"https:\/\/www.alhenaservice.com\/fr\/privacy-policy\/#breadcrumb\"},\"inLanguage\":\"fr-FR\",\"potentialAction\":[{\"@type\":\"ReadAction\",\"target\":[\"https:\/\/www.alhenaservice.com\/fr\/privacy-policy\/\"]}]},{\"@type\":\"BreadcrumbList\",\"@id\":\"https:\/\/www.alhenaservice.com\/fr\/privacy-policy\/#breadcrumb\",\"itemListElement\":[{\"@type\":\"ListItem\",\"position\":1,\"name\":\"Home\",\"item\":\"https:\/\/www.alhenaservice.com\/fr\/\"},{\"@type\":\"ListItem\",\"position\":2,\"name\":\"Privacy policy\"}]},{\"@type\":\"WebSite\",\"@id\":\"https:\/\/www.alhenaservice.com\/fr\/#website\",\"url\":\"https:\/\/www.alhenaservice.com\/fr\/\",\"name\":\"Alhena\",\"description\":\"expertise globale\",\"publisher\":{\"@id\":\"https:\/\/www.alhenaservice.com\/fr\/#organization\"},\"potentialAction\":[{\"@type\":\"SearchAction\",\"target\":{\"@type\":\"EntryPoint\",\"urlTemplate\":\"https:\/\/www.alhenaservice.com\/fr\/?s={search_term_string}\"},\"query-input\":{\"@type\":\"PropertyValueSpecification\",\"valueRequired\":true,\"valueName\":\"search_term_string\"}}],\"inLanguage\":\"fr-FR\"},{\"@type\":\"Organization\",\"@id\":\"https:\/\/www.alhenaservice.com\/fr\/#organization\",\"name\":\"Alhena\",\"url\":\"https:\/\/www.alhenaservice.com\/fr\/\",\"logo\":{\"@type\":\"ImageObject\",\"inLanguage\":\"fr-FR\",\"@id\":\"https:\/\/www.alhenaservice.com\/fr\/#\/schema\/logo\/image\/\",\"url\":\"https:\/\/www.alhenaservice.com\/wp-content\/uploads\/logo-sito-alhena.png\",\"contentUrl\":\"https:\/\/www.alhenaservice.com\/wp-content\/uploads\/logo-sito-alhena.png\",\"width\":710,\"height\":240,\"caption\":\"Alhena\"},\"image\":{\"@id\":\"https:\/\/www.alhenaservice.com\/fr\/#\/schema\/logo\/image\/\"}}]}<\/script>\n<!-- \/ Yoast SEO plugin. -->","yoast_head_json":{"title":"Privacy policy - Alhena","robots":{"index":"index","follow":"follow","max-snippet":"max-snippet:-1","max-image-preview":"max-image-preview:large","max-video-preview":"max-video-preview:-1"},"canonical":"https:\/\/www.alhenaservice.com\/fr\/privacy-policy\/","og_locale":"fr_FR","og_type":"article","og_title":"Privacy policy - Alhena","og_description":"Politique de protection des Donn\u00e9es Personnelles sur site web En application du r\u00e8glement UE 2016\/679 et de la r\u00e9glementation en vigueur, \u00e0 suivre les informations relatives au traitement et \u00e0 la protection de vos donn\u00e9es personnelles. Responsable de traitement des donn\u00e9es personnellesLe responsable du traitement des donn\u00e9es personnelles transmises dans le cadre notamment de la [&hellip;]","og_url":"https:\/\/www.alhenaservice.com\/fr\/privacy-policy\/","og_site_name":"Alhena","article_modified_time":"2020-05-26T10:52:57+00:00","twitter_card":"summary_large_image","twitter_misc":{"Dur\u00e9e de lecture estim\u00e9e":"5 minutes"},"schema":{"@context":"https:\/\/schema.org","@graph":[{"@type":"WebPage","@id":"https:\/\/www.alhenaservice.com\/fr\/privacy-policy\/","url":"https:\/\/www.alhenaservice.com\/fr\/privacy-policy\/","name":"Privacy policy - Alhena","isPartOf":{"@id":"https:\/\/www.alhenaservice.com\/fr\/#website"},"datePublished":"2020-05-26T10:52:53+00:00","dateModified":"2020-05-26T10:52:57+00:00","breadcrumb":{"@id":"https:\/\/www.alhenaservice.com\/fr\/privacy-policy\/#breadcrumb"},"inLanguage":"fr-FR","potentialAction":[{"@type":"ReadAction","target":["https:\/\/www.alhenaservice.com\/fr\/privacy-policy\/"]}]},{"@type":"BreadcrumbList","@id":"https:\/\/www.alhenaservice.com\/fr\/privacy-policy\/#breadcrumb","itemListElement":[{"@type":"ListItem","position":1,"name":"Home","item":"https:\/\/www.alhenaservice.com\/fr\/"},{"@type":"ListItem","position":2,"name":"Privacy policy"}]},{"@type":"WebSite","@id":"https:\/\/www.alhenaservice.com\/fr\/#website","url":"https:\/\/www.alhenaservice.com\/fr\/","name":"Alhena","description":"expertise globale","publisher":{"@id":"https:\/\/www.alhenaservice.com\/fr\/#organization"},"potentialAction":[{"@type":"SearchAction","target":{"@type":"EntryPoint","urlTemplate":"https:\/\/www.alhenaservice.com\/fr\/?s={search_term_string}"},"query-input":{"@type":"PropertyValueSpecification","valueRequired":true,"valueName":"search_term_string"}}],"inLanguage":"fr-FR"},{"@type":"Organization","@id":"https:\/\/www.alhenaservice.com\/fr\/#organization","name":"Alhena","url":"https:\/\/www.alhenaservice.com\/fr\/","logo":{"@type":"ImageObject","inLanguage":"fr-FR","@id":"https:\/\/www.alhenaservice.com\/fr\/#\/schema\/logo\/image\/","url":"https:\/\/www.alhenaservice.com\/wp-content\/uploads\/logo-sito-alhena.png","contentUrl":"https:\/\/www.alhenaservice.com\/wp-content\/uploads\/logo-sito-alhena.png","width":710,"height":240,"caption":"Alhena"},"image":{"@id":"https:\/\/www.alhenaservice.com\/fr\/#\/schema\/logo\/image\/"}}]}},"_links":{"self":[{"href":"https:\/\/www.alhenaservice.com\/fr\/wp-json\/wp\/v2\/pages\/3174","targetHints":{"allow":["GET"]}}],"collection":[{"href":"https:\/\/www.alhenaservice.com\/fr\/wp-json\/wp\/v2\/pages"}],"about":[{"href":"https:\/\/www.alhenaservice.com\/fr\/wp-json\/wp\/v2\/types\/page"}],"author":[{"embeddable":true,"href":"https:\/\/www.alhenaservice.com\/fr\/wp-json\/wp\/v2\/users\/1"}],"replies":[{"embeddable":true,"href":"https:\/\/www.alhenaservice.com\/fr\/wp-json\/wp\/v2\/comments?post=3174"}],"version-history":[{"count":1,"href":"https:\/\/www.alhenaservice.com\/fr\/wp-json\/wp\/v2\/pages\/3174\/revisions"}],"predecessor-version":[{"id":3176,"href":"https:\/\/www.alhenaservice.com\/fr\/wp-json\/wp\/v2\/pages\/3174\/revisions\/3176"}],"wp:attachment":[{"href":"https:\/\/www.alhenaservice.com\/fr\/wp-json\/wp\/v2\/media?parent=3174"}],"curies":[{"name":"wp","href":"https:\/\/api.w.org\/{rel}","templated":true}]}}