{"id":2949,"date":"2020-03-25T09:12:21","date_gmt":"2020-03-25T08:12:21","guid":{"rendered":"http:\/\/www.alhenaservice.com\/cookie-policy\/"},"modified":"2020-03-25T09:12:31","modified_gmt":"2020-03-25T08:12:31","slug":"cookie-policy","status":"publish","type":"page","link":"https:\/\/www.alhenaservice.com\/de\/cookie-policy\/","title":{"rendered":"Cookie policy"},"content":{"rendered":"\t\t<div data-elementor-type=\"wp-page\" data-elementor-id=\"2949\" class=\"elementor elementor-2949 elementor-2225\" data-elementor-post-type=\"page\">\n\t\t\t\t\t\t<section class=\"elementor-section elementor-top-section elementor-element elementor-element-b668e66 elementor-section-boxed elementor-section-height-default elementor-section-height-default\" data-id=\"b668e66\" data-element_type=\"section\" data-e-type=\"section\" data-settings=\"{&quot;jet_parallax_layout_list&quot;:[{&quot;jet_parallax_layout_image&quot;:{&quot;url&quot;:&quot;&quot;,&quot;id&quot;:&quot;&quot;,&quot;size&quot;:&quot;&quot;},&quot;_id&quot;:&quot;801d698&quot;,&quot;jet_parallax_layout_image_tablet&quot;:{&quot;url&quot;:&quot;&quot;,&quot;id&quot;:&quot;&quot;,&quot;size&quot;:&quot;&quot;},&quot;jet_parallax_layout_image_mobile&quot;:{&quot;url&quot;:&quot;&quot;,&quot;id&quot;:&quot;&quot;,&quot;size&quot;:&quot;&quot;},&quot;jet_parallax_layout_speed&quot;:{&quot;unit&quot;:&quot;%&quot;,&quot;size&quot;:50,&quot;sizes&quot;:[]},&quot;jet_parallax_layout_type&quot;:&quot;scroll&quot;,&quot;jet_parallax_layout_direction&quot;:null,&quot;jet_parallax_layout_fx_direction&quot;:null,&quot;jet_parallax_layout_z_index&quot;:&quot;&quot;,&quot;jet_parallax_layout_bg_x&quot;:50,&quot;jet_parallax_layout_bg_y&quot;:50,&quot;jet_parallax_layout_bg_size&quot;:&quot;auto&quot;,&quot;jet_parallax_layout_animation_prop&quot;:&quot;transform&quot;,&quot;jet_parallax_layout_on&quot;:[&quot;desktop&quot;,&quot;tablet&quot;],&quot;jet_parallax_layout_bg_x_tablet&quot;:&quot;&quot;,&quot;jet_parallax_layout_bg_x_mobile&quot;:&quot;&quot;,&quot;jet_parallax_layout_bg_y_tablet&quot;:&quot;&quot;,&quot;jet_parallax_layout_bg_y_mobile&quot;:&quot;&quot;,&quot;jet_parallax_layout_bg_size_tablet&quot;:&quot;&quot;,&quot;jet_parallax_layout_bg_size_mobile&quot;:&quot;&quot;}]}\">\n\t\t\t\t\t\t<div class=\"elementor-container elementor-column-gap-default\">\n\t\t\t\t\t<div class=\"elementor-column elementor-col-100 elementor-top-column elementor-element elementor-element-99218ca\" data-id=\"99218ca\" data-element_type=\"column\" data-e-type=\"column\">\n\t\t\t<div class=\"elementor-widget-wrap elementor-element-populated\">\n\t\t\t\t\t\t<div class=\"elementor-element elementor-element-04b4c96 elementor-widget elementor-widget-text-editor\" data-id=\"04b4c96\" data-element_type=\"widget\" data-e-type=\"widget\" data-widget_type=\"text-editor.default\">\n\t\t\t\t<div class=\"elementor-widget-container\">\n\t\t\t\t\t\t\t\t\t<h2>INFORMATIONEN \u00dcBER COOKIES<\/h2>\n<p>Die verwendeten Softwareanwendungen k\u00f6nnen die &#8222;Cookie&#8220;-Technologie enthalten. Cookies dienen in erster Linie dazu, die Navigation f\u00fcr den Benutzer zu erleichtern Cookies k\u00f6nnen Informationen \u00fcber die Navigation innerhalb der Site liefern und die Bedienung bestimmter Dienste erm\u00f6glichen, die eine Identifizierung des Weges des Benutzers durch verschiedene Seiten der Site erfordern. F\u00fcr jeden Zugriff auf das Portal, unabh\u00e4ngig vom Vorhandensein eines Cookies, dem Browsertyp, dem Betriebssystem (z.B. Microsoft, Apple, Android, Linux, usw,..), dem Host und der URL von<br \/>Herkunft des Besuchers, zus\u00e4tzlich zu den Daten auf der angeforderten Seite. Der Benutzer hat jedoch die M\u00f6glichkeit, seinen Browser so einzustellen, dass er informiert wird, wenn er ein Cookie erh\u00e4lt und sich entscheidet, es zu l\u00f6schen. Weitere Informationen \u00fcber Cookies finden Sie auf den Websites der Browser-Anbieter.<\/p>\n<p><strong>Was sind Cookies?<\/strong><br \/>Cookies sind kleine Textzeichenfolgen, die auf Ihrem Computer gespeichert werden, wenn Sie bestimmte Seiten im Internet besuchen. In den meisten Browsern sind Cookies aktiviert, unten finden Sie die Informationen, die Sie ben\u00f6tigen, um die Cookie-Einstellungen Ihres Browsers zu \u00e4ndern. Cookies sind nicht sch\u00e4dlich f\u00fcr Ihr Ger\u00e4t. In den von uns generierten Cookies speichern wir keine pers\u00f6nlichen Informationen \u00fcber Sie, aber wir verwenden diese Informationen, um Ihren Aufenthalt auf der Website zu verbessern.<br \/>Sie sind zum Beispiel n\u00fctzlich, um Fehler zu identifizieren und zu beheben.<br \/>Cookies k\u00f6nnen verschiedene Funktionen ausf\u00fchren, wie z.B. das effiziente Navigieren zwischen den Seiten und k\u00f6nnen im Allgemeinen Ihren Aufenthalt verbessern. Der Eigent\u00fcmer beh\u00e4lt sich das Recht vor, mit der Zustimmung des Benutzers Cookies zu verwenden, wenn dies gesetzlich oder durch Vorschriften vorgeschrieben ist, um die Navigation auf dieser Website zu erleichtern.<br \/>Website und passen Sie die Informationen an, die erscheinen werden. Der Eigent\u00fcmer beh\u00e4lt sich au\u00dferdem das Recht vor, \u00e4hnliche Systeme zur Erfassung von Informationen \u00fcber die Benutzer der Website, wie z.B. die Art des verwendeten Internetbrowsers und des Betriebssystems, f\u00fcr statistische oder Sicherheitszwecke zu verwenden.<\/p>\n<p><strong>Arten von Cookies<\/strong><br \/>Cookies werden dann in &#8222;Session-Cookies&#8220; und &#8222;persistente Cookies&#8220; unterteilt, erstere werden nach dem Herunterladen beim Schlie\u00dfen des Browsers gel\u00f6scht, letztere werden bis zu ihrem Ablauf oder ihrer L\u00f6schung gespeichert. Session-Cookies werden verwendet, um die Analyse des Internetverkehrs zu beschleunigen und den Benutzern den Zugang zu den von der Website angebotenen Diensten zu erleichtern. Sitzungs-Cookies werden haupts\u00e4chlich bei der Authentifizierung, Autorisierung und Navigation in den durch eine Registrierung zug\u00e4nglichen Diensten verwendet. Die meisten Browser sind so eingestellt, dass sie Cookies akzeptieren.<br \/>Wenn Sie keine Cookies akzeptieren m\u00f6chten, k\u00f6nnen Sie Ihren Computer so einstellen, dass er sie ablehnt oder eine Warnung anzeigt, wenn sie gespeichert werden. Wenn Sie die Verwendung von Cookies ablehnen, k\u00f6nnen einige Funktionen der Website nicht richtig funktionieren und einige der Dienste nicht verf\u00fcgbar sein. Die Verwendung von Session-Cookies<br \/>ist strengstens untersagt und beschr\u00e4nkt sich auf die \u00dcbertragung von Sitzungskennungen, die f\u00fcr die sichere und effiziente Erkundung der St\u00e4tte notwendig sind.<br \/>Diese Daten sind technischer Art, haben eine vor\u00fcbergehende G\u00fcltigkeit und werden nicht zum Zweck der Identifizierung der Benutzer gesammelt, sondern k\u00f6nnten aufgrund ihrer Funktionsweise und in Kombination mit anderen Daten im Besitz von Dritten (z.B. dem Internetverbindungsprovider der betreffenden Person) ihre Identifizierung erm\u00f6glichen. First Party Cookies sind nur von der Dom\u00e4ne lesbar, die sie erstellt hat.<\/p>\n\t\t\t\t\t\t\t\t<\/div>\n\t\t\t\t<\/div>\n\t\t\t\t<div class=\"elementor-element elementor-element-2ecfaa6 elementor-widget elementor-widget-text-editor\" data-id=\"2ecfaa6\" data-element_type=\"widget\" data-e-type=\"widget\" data-widget_type=\"text-editor.default\">\n\t\t\t\t<div class=\"elementor-widget-container\">\n\t\t\t\t\t\t\t\t\t<p><strong>Welche Cookies wir verwenden<\/strong><\/p>\n<table>\n<tbody>\n<tr>\n<td width=\"25%\">Technische Browsing-Cookies<\/td>\n<td>Dies sind Cookies, die die normale Navigation und Nutzung der Website gew\u00e4hrleisten und die Verbindung zwischen dem Server und dem Browser des Benutzers erm\u00f6glichen.<br \/>\nEs handelt sich um Cookies, die f\u00fcr die Navigation (z.B. Sitzungskennungen) unerl\u00e4sslich sind und es Ihnen erm\u00f6glichen, die Hauptmerkmale der Website zu nutzen und Ihre Verbindung zu sch\u00fctzen.<br \/>\nOhne diese Cookies w\u00e4re es nicht m\u00f6glich, die Website normal zu nutzen.<\/td>\n<\/tr>\n<tr>\n<td width=\"25%\">Funktionelle Cookies<\/td>\n<td>Es handelt sich um Cookies, die auf Ihrem Computer oder einem anderen Ger\u00e4t gespeichert werden und die auf der Grundlage Ihrer Anfrage Ihre Auswahl aufzeichnen, damit Sie sich diese merken k\u00f6nnen, um die Navigation innerhalb des Dienstes oder den Zugang zu dieser Website zu optimieren und Ihnen eine bessere und pers\u00f6nlichere Navigation zu erm\u00f6glichen. (z.B. Registrierung in reservierten Bereichen, Speicherung von Produkten im Warenkorb, um die M\u00f6glichkeit zu haben, sie in der n\u00e4chsten Sitzung zu finden, Speichern der gew\u00e4hlten Sprache, Anschauen eines Videos oder die M\u00f6glichkeit, einen Kommentar zum Blog abzugeben, usw.).<br \/>\nFunktionelle Cookies sind f\u00fcr das Funktionieren der Website nicht unbedingt erforderlich, aber sie verbessern die Qualit\u00e4t und die Erfahrung der Navigation.<\/td>\n<\/tr>\n<tr>\n<td width=\"25%\">Analytische Cookies<\/td>\n<td>sind Cookies, die Informationen dar\u00fcber sammeln, wie der Benutzer die Website nutzt, z.B. welche Webseiten am h\u00e4ufigsten besucht werden. Diese Website verwendet &#8222;Google Analytcs&#8220;-Cookies von Dritten. Google Analitycs ist eine Statistik-Website, die beispielsweise die Anzahl der Besucher berechnet, welche Art von Technologie sie verwenden (z.B. Mac oder Windows), wie viel Zeit sie auf der Website verbringen&#8230; Alle gesammelten Daten sind anonym und in aggregierter Form und daher nicht profilbildend. Die durch den Cookie erzeugten Informationen \u00fcber Ihre Benutzung der Website (einschlie\u00dflich Ihrer IP-Adresse) werden an einen Server von Google \u00fcbertragen und dort gespeichert.<br \/>\nN\u00fctzliche Adressen zum besseren Verst\u00e4ndnis der Datenschutzbestimmungen von Google Analytics:<\/p>\n<ul>\n<li><a href=\"http:\/\/www.google.com\/analytics\/terms\/it.html\" target=\"_blank\" rel=\"noopener\">http:\/\/www.google.com\/analytics\/terms\/it.html<\/a><\/li>\n<li><a href=\"http:\/\/www.google.com\/privacypolicy.html\" target=\"_blank\" rel=\"noopener\">http:\/\/www.google.com\/privacypolicy.html<\/a><\/li>\n<\/ul>\n<p>Analytische Cookies sind f\u00fcr den Betrieb der Website nicht unerl\u00e4sslich.<\/td>\n<\/tr>\n<tr>\n<td width=\"25%\">Cookies, die interaktive Karten zur Verf\u00fcgung stellen<\/td>\n<td>Diese Cookies erm\u00f6glichen es Ihnen, interaktive Karten in diese Website einzubinden. verwenden Sie Google Maps.<br \/>\nF\u00fcr Informationen \u00fcber Google Maps-Cookies <a href=\"http:\/\/www.google.co.uk\/intl\/it_IT\/policies\/\" target=\"_blank\" rel=\"noopener\">http:\/\/www.google.co.uk\/intl\/it_IT\/policies\/<\/a><br \/>\nDiese Art von Cookie ist f\u00fcr den Betrieb der Website nicht unbedingt erforderlich.<\/td>\n<\/tr>\n<\/tbody>\n<\/table>\n\t\t\t\t\t\t\t\t<\/div>\n\t\t\t\t<\/div>\n\t\t\t\t<div class=\"elementor-element elementor-element-365d0c3 elementor-widget elementor-widget-text-editor\" data-id=\"365d0c3\" data-element_type=\"widget\" data-e-type=\"widget\" data-widget_type=\"text-editor.default\">\n\t\t\t\t<div class=\"elementor-widget-container\">\n\t\t\t\t\t\t\t\t\t<p><strong>Wie kann ich Cookies deaktivieren?<\/strong><br \/>Warnung: In Bezug auf die Deaktivierung aller Arten von Cookies (einschlie\u00dflich technischer Cookies) durch den Benutzer ist zu beachten, dass einige Funktionen der Website m\u00f6glicherweise eingeschr\u00e4nkt oder nicht verf\u00fcgbar sind.<br \/>Die meisten Browser akzeptieren Cookies automatisch, aber Sie k\u00f6nnen sich auch daf\u00fcr entscheiden, sie nicht zu akzeptieren.<br \/>Wenn Sie nicht m\u00f6chten, dass Ihr Computer Cookies empf\u00e4ngt und speichert, k\u00f6nnen Sie die Sicherheitseinstellungen Ihres Browsers (Internet Explorer, Google Chrome, Mozilla Firefox, Safari usw.) \u00e4ndern. Es gibt verschiedene M\u00f6glichkeiten, Cookies und andere Verfolgungstechnologien zu verwalten.<br \/>Durch \u00c4ndern Ihrer Browsereinstellungen k\u00f6nnen Sie Cookies akzeptieren oder ablehnen oder sich entscheiden, eine Warnmeldung zu erhalten, bevor Sie ein Cookie von den von Ihnen besuchten Websites akzeptieren. Sie k\u00f6nnen alle im Cookie-Ordner Ihres Browsers installierten Cookies l\u00f6schen. Jeder Browser hat unterschiedliche Verfahren zur Verwaltung Ihrer Einstellungen.<br \/>Sie k\u00f6nnen Cookies direkt in Ihrem Webbrowser deaktivieren.<br \/>F\u00fcr ausf\u00fchrlichere Informationen \u00fcber die Optionen zur Deaktivierung von Cookies finden Sie hier eine Liste mit Links zur Konfiguration der beliebtesten Browser.<br \/>Wie man Cookies in Firefox deaktiviert<br \/>Wie man Cookies in Chrome deaktiviert<br \/>Wie man Cookies in Internet Explorer deaktiviert<br \/>Wie man Cookies in Safari deaktiviert<br \/>Wie man Cookies in Opera deaktiviert<br \/>Wenn Sie keinen der oben aufgef\u00fchrten Browser verwenden, w\u00e4hlen Sie bitte &#8222;Cookies&#8220; im entsprechenden Abschnitt der Hilfe, um herauszufinden, wo sich Ihr Cookie-Ordner befindet.<\/p>\n<p><strong>Zustimmung<\/strong><br \/>Das Einverst\u00e4ndnis wird vom Benutzer frei ausgedr\u00fcckt, indem er nach dem Lesen der Kurzinformation die Navigation fortsetzt. Bitte beachten Sie auch, dass Sie Ihre Erlaubnis jederzeit widerrufen und die Deaktivierung von Cookies wie oben beschrieben vornehmen k\u00f6nnen.<\/p>\n<p><strong>Andere Links<\/strong><br \/>Um Ihnen einen besseren Service zu bieten, kann diese Website Links zu anderen Websites (&#8222;Links&#8220;) enthalten.<br \/>Der Eigent\u00fcmer lehnt jede Verantwortung f\u00fcr die Inhalte und Materialien ab, die auf solchen Websites zug\u00e4nglich sind oder anderweitig \u00fcber sie erh\u00e4ltlich sind.<br \/>Alle Informationen zu den Websites, auf die durch Links verwiesen wird, sollten nur an die Administratoren der betreffenden Websites gerichtet werden.<br \/>\u00c4nderungen an den Informationen \u00fcber die Verwendung von Cookies<br \/>Um sicherzustellen, dass sie immer auf dem neuesten Stand ist, werden die Informationen \u00fcber die Verwendung von Cookies regelm\u00e4\u00dfig \u00fcberpr\u00fcft.<br \/>Die letzte Aktualisierung dieser Richtlinie \u00fcber die Verwendung von Cookies erfolgte am 8. Dezember 2018.<\/p>\n<p><strong>Wenden Sie sich an die Eigent\u00fcmerfirma<\/strong><br \/>Der Inhaber der Datenverarbeitung ist Alhena Service S.p.a., Via A. Tassi,6, Parma, 43122 (PR) P.I. 023448000343, die auch unter der Telefonnummer 0521 469082 oder per E-Mail unter <a href=\"mailto:info@alhenaservice.it\" target=\"_blank\" rel=\"noopener\">info@alhenaservice.it<\/a>erreicht werden kann.<\/p>\n\t\t\t\t\t\t\t\t<\/div>\n\t\t\t\t<\/div>\n\t\t\t\t\t<\/div>\n\t\t<\/div>\n\t\t\t\t\t<\/div>\n\t\t<\/section>\n\t\t\t\t<\/div>\n\t\t","protected":false},"excerpt":{"rendered":"<p>INFORMATIONEN \u00dcBER COOKIES Die verwendeten Softwareanwendungen k\u00f6nnen die &#8222;Cookie&#8220;-Technologie enthalten. Cookies dienen in erster Linie dazu, die Navigation f\u00fcr den Benutzer zu erleichtern Cookies k\u00f6nnen Informationen \u00fcber die Navigation innerhalb der Site liefern und die Bedienung bestimmter Dienste erm\u00f6glichen, die eine Identifizierung des Weges des Benutzers durch verschiedene Seiten der Site erfordern. F\u00fcr jeden Zugriff [&hellip;]<\/p>\n","protected":false},"author":1,"featured_media":0,"parent":0,"menu_order":0,"comment_status":"closed","ping_status":"closed","template":"","meta":{"_acf_changed":false,"footnotes":""},"class_list":["post-2949","page","type-page","status-publish","hentry"],"acf":[],"yoast_head":"<!-- This site is optimized with the Yoast SEO plugin v27.1 - https:\/\/yoast.com\/product\/yoast-seo-wordpress\/ -->\n<title>Cookie policy - Alhena<\/title>\n<meta name=\"robots\" content=\"index, follow, max-snippet:-1, max-image-preview:large, max-video-preview:-1\" \/>\n<link rel=\"canonical\" href=\"https:\/\/www.alhenaservice.com\/de\/cookie-policy\/\" \/>\n<meta property=\"og:locale\" content=\"de_DE\" \/>\n<meta property=\"og:type\" content=\"article\" \/>\n<meta property=\"og:title\" content=\"Cookie policy - Alhena\" \/>\n<meta property=\"og:description\" content=\"INFORMATIONEN \u00dcBER COOKIES Die verwendeten Softwareanwendungen k\u00f6nnen die &#8222;Cookie&#8220;-Technologie enthalten. Cookies dienen in erster Linie dazu, die Navigation f\u00fcr den Benutzer zu erleichtern Cookies k\u00f6nnen Informationen \u00fcber die Navigation innerhalb der Site liefern und die Bedienung bestimmter Dienste erm\u00f6glichen, die eine Identifizierung des Weges des Benutzers durch verschiedene Seiten der Site erfordern. F\u00fcr jeden Zugriff [&hellip;]\" \/>\n<meta property=\"og:url\" content=\"https:\/\/www.alhenaservice.com\/de\/cookie-policy\/\" \/>\n<meta property=\"og:site_name\" content=\"Alhena\" \/>\n<meta property=\"article:modified_time\" content=\"2020-03-25T08:12:31+00:00\" \/>\n<meta name=\"twitter:card\" content=\"summary_large_image\" \/>\n<meta name=\"twitter:label1\" content=\"Gesch\u00e4tzte Lesezeit\" \/>\n\t<meta name=\"twitter:data1\" content=\"7\u00a0Minuten\" \/>\n<script type=\"application\/ld+json\" class=\"yoast-schema-graph\">{\"@context\":\"https:\/\/schema.org\",\"@graph\":[{\"@type\":\"WebPage\",\"@id\":\"https:\/\/www.alhenaservice.com\/de\/cookie-policy\/\",\"url\":\"https:\/\/www.alhenaservice.com\/de\/cookie-policy\/\",\"name\":\"Cookie policy - Alhena\",\"isPartOf\":{\"@id\":\"https:\/\/www.alhenaservice.com\/de\/#website\"},\"datePublished\":\"2020-03-25T08:12:21+00:00\",\"dateModified\":\"2020-03-25T08:12:31+00:00\",\"breadcrumb\":{\"@id\":\"https:\/\/www.alhenaservice.com\/de\/cookie-policy\/#breadcrumb\"},\"inLanguage\":\"de\",\"potentialAction\":[{\"@type\":\"ReadAction\",\"target\":[\"https:\/\/www.alhenaservice.com\/de\/cookie-policy\/\"]}]},{\"@type\":\"BreadcrumbList\",\"@id\":\"https:\/\/www.alhenaservice.com\/de\/cookie-policy\/#breadcrumb\",\"itemListElement\":[{\"@type\":\"ListItem\",\"position\":1,\"name\":\"Home\",\"item\":\"https:\/\/www.alhenaservice.com\/de\/\"},{\"@type\":\"ListItem\",\"position\":2,\"name\":\"Cookie policy\"}]},{\"@type\":\"WebSite\",\"@id\":\"https:\/\/www.alhenaservice.com\/de\/#website\",\"url\":\"https:\/\/www.alhenaservice.com\/de\/\",\"name\":\"Alhena\",\"description\":\"expertise globale\",\"publisher\":{\"@id\":\"https:\/\/www.alhenaservice.com\/de\/#organization\"},\"potentialAction\":[{\"@type\":\"SearchAction\",\"target\":{\"@type\":\"EntryPoint\",\"urlTemplate\":\"https:\/\/www.alhenaservice.com\/de\/?s={search_term_string}\"},\"query-input\":{\"@type\":\"PropertyValueSpecification\",\"valueRequired\":true,\"valueName\":\"search_term_string\"}}],\"inLanguage\":\"de\"},{\"@type\":\"Organization\",\"@id\":\"https:\/\/www.alhenaservice.com\/de\/#organization\",\"name\":\"Alhena\",\"url\":\"https:\/\/www.alhenaservice.com\/de\/\",\"logo\":{\"@type\":\"ImageObject\",\"inLanguage\":\"de\",\"@id\":\"https:\/\/www.alhenaservice.com\/de\/#\/schema\/logo\/image\/\",\"url\":\"https:\/\/www.alhenaservice.com\/wp-content\/uploads\/logo-sito-alhena.png\",\"contentUrl\":\"https:\/\/www.alhenaservice.com\/wp-content\/uploads\/logo-sito-alhena.png\",\"width\":710,\"height\":240,\"caption\":\"Alhena\"},\"image\":{\"@id\":\"https:\/\/www.alhenaservice.com\/de\/#\/schema\/logo\/image\/\"}}]}<\/script>\n<!-- \/ Yoast SEO plugin. -->","yoast_head_json":{"title":"Cookie policy - Alhena","robots":{"index":"index","follow":"follow","max-snippet":"max-snippet:-1","max-image-preview":"max-image-preview:large","max-video-preview":"max-video-preview:-1"},"canonical":"https:\/\/www.alhenaservice.com\/de\/cookie-policy\/","og_locale":"de_DE","og_type":"article","og_title":"Cookie policy - Alhena","og_description":"INFORMATIONEN \u00dcBER COOKIES Die verwendeten Softwareanwendungen k\u00f6nnen die &#8222;Cookie&#8220;-Technologie enthalten. Cookies dienen in erster Linie dazu, die Navigation f\u00fcr den Benutzer zu erleichtern Cookies k\u00f6nnen Informationen \u00fcber die Navigation innerhalb der Site liefern und die Bedienung bestimmter Dienste erm\u00f6glichen, die eine Identifizierung des Weges des Benutzers durch verschiedene Seiten der Site erfordern. F\u00fcr jeden Zugriff [&hellip;]","og_url":"https:\/\/www.alhenaservice.com\/de\/cookie-policy\/","og_site_name":"Alhena","article_modified_time":"2020-03-25T08:12:31+00:00","twitter_card":"summary_large_image","twitter_misc":{"Gesch\u00e4tzte Lesezeit":"7\u00a0Minuten"},"schema":{"@context":"https:\/\/schema.org","@graph":[{"@type":"WebPage","@id":"https:\/\/www.alhenaservice.com\/de\/cookie-policy\/","url":"https:\/\/www.alhenaservice.com\/de\/cookie-policy\/","name":"Cookie policy - Alhena","isPartOf":{"@id":"https:\/\/www.alhenaservice.com\/de\/#website"},"datePublished":"2020-03-25T08:12:21+00:00","dateModified":"2020-03-25T08:12:31+00:00","breadcrumb":{"@id":"https:\/\/www.alhenaservice.com\/de\/cookie-policy\/#breadcrumb"},"inLanguage":"de","potentialAction":[{"@type":"ReadAction","target":["https:\/\/www.alhenaservice.com\/de\/cookie-policy\/"]}]},{"@type":"BreadcrumbList","@id":"https:\/\/www.alhenaservice.com\/de\/cookie-policy\/#breadcrumb","itemListElement":[{"@type":"ListItem","position":1,"name":"Home","item":"https:\/\/www.alhenaservice.com\/de\/"},{"@type":"ListItem","position":2,"name":"Cookie policy"}]},{"@type":"WebSite","@id":"https:\/\/www.alhenaservice.com\/de\/#website","url":"https:\/\/www.alhenaservice.com\/de\/","name":"Alhena","description":"expertise globale","publisher":{"@id":"https:\/\/www.alhenaservice.com\/de\/#organization"},"potentialAction":[{"@type":"SearchAction","target":{"@type":"EntryPoint","urlTemplate":"https:\/\/www.alhenaservice.com\/de\/?s={search_term_string}"},"query-input":{"@type":"PropertyValueSpecification","valueRequired":true,"valueName":"search_term_string"}}],"inLanguage":"de"},{"@type":"Organization","@id":"https:\/\/www.alhenaservice.com\/de\/#organization","name":"Alhena","url":"https:\/\/www.alhenaservice.com\/de\/","logo":{"@type":"ImageObject","inLanguage":"de","@id":"https:\/\/www.alhenaservice.com\/de\/#\/schema\/logo\/image\/","url":"https:\/\/www.alhenaservice.com\/wp-content\/uploads\/logo-sito-alhena.png","contentUrl":"https:\/\/www.alhenaservice.com\/wp-content\/uploads\/logo-sito-alhena.png","width":710,"height":240,"caption":"Alhena"},"image":{"@id":"https:\/\/www.alhenaservice.com\/de\/#\/schema\/logo\/image\/"}}]}},"_links":{"self":[{"href":"https:\/\/www.alhenaservice.com\/de\/wp-json\/wp\/v2\/pages\/2949","targetHints":{"allow":["GET"]}}],"collection":[{"href":"https:\/\/www.alhenaservice.com\/de\/wp-json\/wp\/v2\/pages"}],"about":[{"href":"https:\/\/www.alhenaservice.com\/de\/wp-json\/wp\/v2\/types\/page"}],"author":[{"embeddable":true,"href":"https:\/\/www.alhenaservice.com\/de\/wp-json\/wp\/v2\/users\/1"}],"replies":[{"embeddable":true,"href":"https:\/\/www.alhenaservice.com\/de\/wp-json\/wp\/v2\/comments?post=2949"}],"version-history":[{"count":2,"href":"https:\/\/www.alhenaservice.com\/de\/wp-json\/wp\/v2\/pages\/2949\/revisions"}],"predecessor-version":[{"id":2952,"href":"https:\/\/www.alhenaservice.com\/de\/wp-json\/wp\/v2\/pages\/2949\/revisions\/2952"}],"wp:attachment":[{"href":"https:\/\/www.alhenaservice.com\/de\/wp-json\/wp\/v2\/media?parent=2949"}],"curies":[{"name":"wp","href":"https:\/\/api.w.org\/{rel}","templated":true}]}}