{"id":2795,"date":"2020-02-22T11:06:14","date_gmt":"2020-02-22T10:06:14","guid":{"rendered":"http:\/\/www.alhenaservice.com\/referenzen\/"},"modified":"2020-06-17T17:11:54","modified_gmt":"2020-06-17T15:11:54","slug":"referenzen","status":"publish","type":"page","link":"https:\/\/www.alhenaservice.com\/de\/referenzen\/","title":{"rendered":"Referenzen"},"content":{"rendered":"\t\t<div data-elementor-type=\"wp-page\" data-elementor-id=\"2795\" class=\"elementor elementor-2795 elementor-2198\" data-elementor-post-type=\"page\">\n\t\t\t\t\t\t<section class=\"elementor-section elementor-top-section elementor-element elementor-element-d2f3bdf elementor-section-content-middle elementor-section-stretched elementor-section-boxed elementor-section-height-default elementor-section-height-default\" data-id=\"d2f3bdf\" data-element_type=\"section\" data-e-type=\"section\" data-settings=\"{&quot;jet_parallax_layout_list&quot;:[{&quot;jet_parallax_layout_image&quot;:{&quot;url&quot;:&quot;&quot;,&quot;id&quot;:&quot;&quot;,&quot;size&quot;:&quot;&quot;},&quot;_id&quot;:&quot;2a79eba&quot;,&quot;jet_parallax_layout_image_tablet&quot;:{&quot;url&quot;:&quot;&quot;,&quot;id&quot;:&quot;&quot;,&quot;size&quot;:&quot;&quot;},&quot;jet_parallax_layout_image_mobile&quot;:{&quot;url&quot;:&quot;&quot;,&quot;id&quot;:&quot;&quot;,&quot;size&quot;:&quot;&quot;},&quot;jet_parallax_layout_speed&quot;:{&quot;unit&quot;:&quot;%&quot;,&quot;size&quot;:50,&quot;sizes&quot;:[]},&quot;jet_parallax_layout_type&quot;:&quot;scroll&quot;,&quot;jet_parallax_layout_direction&quot;:null,&quot;jet_parallax_layout_fx_direction&quot;:null,&quot;jet_parallax_layout_z_index&quot;:&quot;&quot;,&quot;jet_parallax_layout_bg_x&quot;:50,&quot;jet_parallax_layout_bg_y&quot;:50,&quot;jet_parallax_layout_bg_size&quot;:&quot;auto&quot;,&quot;jet_parallax_layout_animation_prop&quot;:&quot;transform&quot;,&quot;jet_parallax_layout_on&quot;:[&quot;desktop&quot;,&quot;tablet&quot;],&quot;jet_parallax_layout_bg_x_tablet&quot;:&quot;&quot;,&quot;jet_parallax_layout_bg_x_mobile&quot;:&quot;&quot;,&quot;jet_parallax_layout_bg_y_tablet&quot;:&quot;&quot;,&quot;jet_parallax_layout_bg_y_mobile&quot;:&quot;&quot;,&quot;jet_parallax_layout_bg_size_tablet&quot;:&quot;&quot;,&quot;jet_parallax_layout_bg_size_mobile&quot;:&quot;&quot;}],&quot;background_background&quot;:&quot;classic&quot;,&quot;stretch_section&quot;:&quot;section-stretched&quot;}\">\n\t\t\t\t\t\t<div class=\"elementor-container elementor-column-gap-default\">\n\t\t\t\t\t<div class=\"elementor-column elementor-col-25 elementor-top-column elementor-element elementor-element-29d6c73\" data-id=\"29d6c73\" data-element_type=\"column\" data-e-type=\"column\">\n\t\t\t<div class=\"elementor-widget-wrap elementor-element-populated\">\n\t\t\t\t\t\t<div class=\"elementor-element elementor-element-11de8bd elementor-align-justify elementor-widget elementor-widget-button\" data-id=\"11de8bd\" data-element_type=\"widget\" data-e-type=\"widget\" data-widget_type=\"button.default\">\n\t\t\t\t<div class=\"elementor-widget-container\">\n\t\t\t\t\t\t\t\t\t<div class=\"elementor-button-wrapper\">\n\t\t\t\t\t<a class=\"elementor-button elementor-button-link elementor-size-sm\" href=\"http:\/\/www.alhenaservice.com\/de\/einzelhandel-design\/\">\n\t\t\t\t\t\t<span class=\"elementor-button-content-wrapper\">\n\t\t\t\t\t\t\t\t\t<span class=\"elementor-button-text\">Retail design<\/span>\n\t\t\t\t\t<\/span>\n\t\t\t\t\t<\/a>\n\t\t\t\t<\/div>\n\t\t\t\t\t\t\t\t<\/div>\n\t\t\t\t<\/div>\n\t\t\t\t\t<\/div>\n\t\t<\/div>\n\t\t\t\t<div class=\"elementor-column elementor-col-25 elementor-top-column elementor-element elementor-element-a939152\" data-id=\"a939152\" data-element_type=\"column\" data-e-type=\"column\">\n\t\t\t<div class=\"elementor-widget-wrap elementor-element-populated\">\n\t\t\t\t\t\t<div class=\"elementor-element elementor-element-d9b642c elementor-align-justify elementor-widget elementor-widget-button\" data-id=\"d9b642c\" data-element_type=\"widget\" data-e-type=\"widget\" data-widget_type=\"button.default\">\n\t\t\t\t<div class=\"elementor-widget-container\">\n\t\t\t\t\t\t\t\t\t<div class=\"elementor-button-wrapper\">\n\t\t\t\t\t<a class=\"elementor-button elementor-button-link elementor-size-sm\" href=\"http:\/\/www.alhenaservice.com\/de\/design-von-geschaeften\/\">\n\t\t\t\t\t\t<span class=\"elementor-button-content-wrapper\">\n\t\t\t\t\t\t\t\t\t<span class=\"elementor-button-text\">Sektoren<\/span>\n\t\t\t\t\t<\/span>\n\t\t\t\t\t<\/a>\n\t\t\t\t<\/div>\n\t\t\t\t\t\t\t\t<\/div>\n\t\t\t\t<\/div>\n\t\t\t\t\t<\/div>\n\t\t<\/div>\n\t\t\t\t<div class=\"elementor-column elementor-col-25 elementor-top-column elementor-element elementor-element-618e062\" data-id=\"618e062\" data-element_type=\"column\" data-e-type=\"column\">\n\t\t\t<div class=\"elementor-widget-wrap elementor-element-populated\">\n\t\t\t\t\t\t<div class=\"elementor-element elementor-element-de7b48c elementor-align-justify elementor-widget elementor-widget-button\" data-id=\"de7b48c\" data-element_type=\"widget\" data-e-type=\"widget\" data-widget_type=\"button.default\">\n\t\t\t\t<div class=\"elementor-widget-container\">\n\t\t\t\t\t\t\t\t\t<div class=\"elementor-button-wrapper\">\n\t\t\t\t\t<a class=\"elementor-button elementor-button-link elementor-size-sm\" href=\"http:\/\/www.alhenaservice.com\/de\/referenzen\/\">\n\t\t\t\t\t\t<span class=\"elementor-button-content-wrapper\">\n\t\t\t\t\t\t\t\t\t<span class=\"elementor-button-text\">Referenzen<\/span>\n\t\t\t\t\t<\/span>\n\t\t\t\t\t<\/a>\n\t\t\t\t<\/div>\n\t\t\t\t\t\t\t\t<\/div>\n\t\t\t\t<\/div>\n\t\t\t\t\t<\/div>\n\t\t<\/div>\n\t\t\t\t<div class=\"elementor-column elementor-col-25 elementor-top-column elementor-element elementor-element-1d1a894\" data-id=\"1d1a894\" data-element_type=\"column\" data-e-type=\"column\">\n\t\t\t<div class=\"elementor-widget-wrap elementor-element-populated\">\n\t\t\t\t\t\t<div class=\"elementor-element elementor-element-b6bcb6e elementor-align-justify elementor-widget elementor-widget-button\" data-id=\"b6bcb6e\" data-element_type=\"widget\" data-e-type=\"widget\" data-widget_type=\"button.default\">\n\t\t\t\t<div class=\"elementor-widget-container\">\n\t\t\t\t\t\t\t\t\t<div class=\"elementor-button-wrapper\">\n\t\t\t\t\t<a class=\"elementor-button elementor-button-link elementor-size-sm\" href=\"http:\/\/www.alhenaservice.com\/de\/case-history\/\">\n\t\t\t\t\t\t<span class=\"elementor-button-content-wrapper\">\n\t\t\t\t\t\t\t\t\t<span class=\"elementor-button-text\">Case history<\/span>\n\t\t\t\t\t<\/span>\n\t\t\t\t\t<\/a>\n\t\t\t\t<\/div>\n\t\t\t\t\t\t\t\t<\/div>\n\t\t\t\t<\/div>\n\t\t\t\t\t<\/div>\n\t\t<\/div>\n\t\t\t\t\t<\/div>\n\t\t<\/section>\n\t\t\t\t<section class=\"elementor-section elementor-top-section elementor-element elementor-element-2b362c6 elementor-section-boxed elementor-section-height-default elementor-section-height-default\" data-id=\"2b362c6\" data-element_type=\"section\" data-e-type=\"section\" data-settings=\"{&quot;jet_parallax_layout_list&quot;:[{&quot;jet_parallax_layout_image&quot;:{&quot;url&quot;:&quot;&quot;,&quot;id&quot;:&quot;&quot;,&quot;size&quot;:&quot;&quot;},&quot;_id&quot;:&quot;325824f&quot;,&quot;jet_parallax_layout_image_tablet&quot;:{&quot;url&quot;:&quot;&quot;,&quot;id&quot;:&quot;&quot;,&quot;size&quot;:&quot;&quot;},&quot;jet_parallax_layout_image_mobile&quot;:{&quot;url&quot;:&quot;&quot;,&quot;id&quot;:&quot;&quot;,&quot;size&quot;:&quot;&quot;},&quot;jet_parallax_layout_speed&quot;:{&quot;unit&quot;:&quot;%&quot;,&quot;size&quot;:50,&quot;sizes&quot;:[]},&quot;jet_parallax_layout_type&quot;:&quot;scroll&quot;,&quot;jet_parallax_layout_direction&quot;:null,&quot;jet_parallax_layout_fx_direction&quot;:null,&quot;jet_parallax_layout_z_index&quot;:&quot;&quot;,&quot;jet_parallax_layout_bg_x&quot;:50,&quot;jet_parallax_layout_bg_y&quot;:50,&quot;jet_parallax_layout_bg_size&quot;:&quot;auto&quot;,&quot;jet_parallax_layout_animation_prop&quot;:&quot;transform&quot;,&quot;jet_parallax_layout_on&quot;:[&quot;desktop&quot;,&quot;tablet&quot;],&quot;jet_parallax_layout_bg_x_tablet&quot;:&quot;&quot;,&quot;jet_parallax_layout_bg_x_mobile&quot;:&quot;&quot;,&quot;jet_parallax_layout_bg_y_tablet&quot;:&quot;&quot;,&quot;jet_parallax_layout_bg_y_mobile&quot;:&quot;&quot;,&quot;jet_parallax_layout_bg_size_tablet&quot;:&quot;&quot;,&quot;jet_parallax_layout_bg_size_mobile&quot;:&quot;&quot;}]}\">\n\t\t\t\t\t\t<div class=\"elementor-container elementor-column-gap-default\">\n\t\t\t\t\t<div class=\"elementor-column elementor-col-100 elementor-top-column elementor-element elementor-element-0b79ed1\" data-id=\"0b79ed1\" data-element_type=\"column\" data-e-type=\"column\">\n\t\t\t<div class=\"elementor-widget-wrap elementor-element-populated\">\n\t\t\t\t\t\t<div class=\"elementor-element elementor-element-a5c5a95 elementor-grid-3 elementor-grid-tablet-2 elementor-grid-mobile-1 elementor-widget elementor-widget-portfolio\" data-id=\"a5c5a95\" data-element_type=\"widget\" data-e-type=\"widget\" data-settings=\"{&quot;row_gap&quot;:{&quot;unit&quot;:&quot;px&quot;,&quot;size&quot;:10,&quot;sizes&quot;:[]},&quot;columns&quot;:&quot;3&quot;,&quot;columns_tablet&quot;:&quot;2&quot;,&quot;columns_mobile&quot;:&quot;1&quot;,&quot;item_ratio&quot;:{&quot;unit&quot;:&quot;px&quot;,&quot;size&quot;:0.66,&quot;sizes&quot;:[]},&quot;item_gap&quot;:{&quot;unit&quot;:&quot;px&quot;,&quot;size&quot;:&quot;&quot;,&quot;sizes&quot;:[]}}\" data-widget_type=\"portfolio.default\">\n\t\t\t\t<div class=\"elementor-widget-container\">\n\t\t\t\t\t\t\t<ul class=\"elementor-portfolio__filters\">\n\t\t\t<li class=\"elementor-portfolio__filter elementor-active\" tabindex=\"0\" data-filter=\"__all\">Alle<\/li>\n\t\t\t\t\t\t\t<li class=\"elementor-portfolio__filter\" tabindex=\"0\" data-filter=\"35\">Home Decor<\/li>\n\t\t\t\t\t\t\t<li class=\"elementor-portfolio__filter\" tabindex=\"0\" data-filter=\"36\">Sch\u00f6nheit<\/li>\n\t\t\t\t\t<\/ul>\n\t\t\t\t<div class=\"elementor-portfolio elementor-grid elementor-posts-container\" role=\"list\">\n\t\t\t\t<article class=\"elementor-portfolio-item elementor-post elementor-filter-36 post-2890 referenze type-referenze status-publish has-post-thumbnail hentry category-schonheit\" role=\"listitem\">\n\t\t\t<a class=\"elementor-post__thumbnail__link\" href=\"https:\/\/www.alhenaservice.com\/de\/referenzen\/marionnaud-victor-hugo-lyon\/\">\n\t\t\t\t<div class=\"elementor-portfolio-item__img elementor-post__thumbnail\">\n\t\t\t<img fetchpriority=\"high\" decoding=\"async\" width=\"768\" height=\"576\" src=\"https:\/\/www.alhenaservice.com\/wp-content\/uploads\/marionnaud-lione-interno-referenza-beauty-store-768x576.jpg\" class=\"attachment-medium_large size-medium_large wp-image-2193\" alt=\"\" srcset=\"https:\/\/www.alhenaservice.com\/wp-content\/uploads\/marionnaud-lione-interno-referenza-beauty-store-768x576.jpg 768w, https:\/\/www.alhenaservice.com\/wp-content\/uploads\/marionnaud-lione-interno-referenza-beauty-store-300x225.jpg 300w, https:\/\/www.alhenaservice.com\/wp-content\/uploads\/marionnaud-lione-interno-referenza-beauty-store.jpg 800w\" sizes=\"(max-width: 768px) 100vw, 768px\" \/>\t\t<\/div>\n\t\t\t\t<div class=\"elementor-portfolio-item__overlay\">\n\t\t\t\t<h3 class=\"elementor-portfolio-item__title\">\n\t\tMarionnaud Victor Hugo Lyon\t\t<\/h3>\n\t\t\t\t<\/div>\n\t\t\t\t<\/a>\n\t\t<\/article>\n\t\t\t\t<article class=\"elementor-portfolio-item elementor-post elementor-filter-35 post-2879 referenze type-referenze status-publish has-post-thumbnail hentry category-home-decor-de\" role=\"listitem\">\n\t\t\t<a class=\"elementor-post__thumbnail__link\" href=\"https:\/\/www.alhenaservice.com\/de\/referenzen\/maisons-du-monde-san-rocco-al-porto\/\">\n\t\t\t\t<div class=\"elementor-portfolio-item__img elementor-post__thumbnail\">\n\t\t\t<img decoding=\"async\" width=\"768\" height=\"1024\" src=\"https:\/\/www.alhenaservice.com\/wp-content\/uploads\/maisons-du-monde-san-rocco-al-porto-referenza-esterno-768x1024.jpg\" class=\"attachment-medium_large size-medium_large wp-image-2124\" alt=\"\" srcset=\"https:\/\/www.alhenaservice.com\/wp-content\/uploads\/maisons-du-monde-san-rocco-al-porto-referenza-esterno-768x1024.jpg 768w, https:\/\/www.alhenaservice.com\/wp-content\/uploads\/maisons-du-monde-san-rocco-al-porto-referenza-esterno-225x300.jpg 225w, https:\/\/www.alhenaservice.com\/wp-content\/uploads\/maisons-du-monde-san-rocco-al-porto-referenza-esterno.jpg 800w\" sizes=\"(max-width: 768px) 100vw, 768px\" \/>\t\t<\/div>\n\t\t\t\t<div class=\"elementor-portfolio-item__overlay\">\n\t\t\t\t<h3 class=\"elementor-portfolio-item__title\">\n\t\tMaisons du Monde San Rocco al Porto\t\t<\/h3>\n\t\t\t\t<\/div>\n\t\t\t\t<\/a>\n\t\t<\/article>\n\t\t\t\t<article class=\"elementor-portfolio-item elementor-post elementor-filter-35 post-2876 referenze type-referenze status-publish has-post-thumbnail hentry category-home-decor-de\" role=\"listitem\">\n\t\t\t<a class=\"elementor-post__thumbnail__link\" href=\"https:\/\/www.alhenaservice.com\/de\/referenzen\/maisons-du-monde-salaria\/\">\n\t\t\t\t<div class=\"elementor-portfolio-item__img elementor-post__thumbnail\">\n\t\t\t<img decoding=\"async\" width=\"768\" height=\"373\" src=\"https:\/\/www.alhenaservice.com\/wp-content\/uploads\/maison-du-monde-salaria-referenza-768x373.jpg\" class=\"attachment-medium_large size-medium_large wp-image-2141\" alt=\"\" srcset=\"https:\/\/www.alhenaservice.com\/wp-content\/uploads\/maison-du-monde-salaria-referenza-768x373.jpg 768w, https:\/\/www.alhenaservice.com\/wp-content\/uploads\/maison-du-monde-salaria-referenza-300x146.jpg 300w, https:\/\/www.alhenaservice.com\/wp-content\/uploads\/maison-du-monde-salaria-referenza.jpg 800w\" sizes=\"(max-width: 768px) 100vw, 768px\" \/>\t\t<\/div>\n\t\t\t\t<div class=\"elementor-portfolio-item__overlay\">\n\t\t\t\t<h3 class=\"elementor-portfolio-item__title\">\n\t\tMaisons du Monde Salaria\t\t<\/h3>\n\t\t\t\t<\/div>\n\t\t\t\t<\/a>\n\t\t<\/article>\n\t\t\t\t<article class=\"elementor-portfolio-item elementor-post elementor-filter-35 post-2874 referenze type-referenze status-publish has-post-thumbnail hentry category-home-decor-de\" role=\"listitem\">\n\t\t\t<a class=\"elementor-post__thumbnail__link\" href=\"https:\/\/www.alhenaservice.com\/de\/referenzen\/maisons-du-monde-palermo\/\">\n\t\t\t\t<div class=\"elementor-portfolio-item__img elementor-post__thumbnail\">\n\t\t\t<img loading=\"lazy\" decoding=\"async\" width=\"768\" height=\"576\" src=\"https:\/\/www.alhenaservice.com\/wp-content\/uploads\/maison-du-monde-palermo-esterno-768x576.jpg\" class=\"attachment-medium_large size-medium_large wp-image-2095\" alt=\"\" srcset=\"https:\/\/www.alhenaservice.com\/wp-content\/uploads\/maison-du-monde-palermo-esterno-768x576.jpg 768w, https:\/\/www.alhenaservice.com\/wp-content\/uploads\/maison-du-monde-palermo-esterno-300x225.jpg 300w, https:\/\/www.alhenaservice.com\/wp-content\/uploads\/maison-du-monde-palermo-esterno.jpg 800w\" sizes=\"(max-width: 768px) 100vw, 768px\" \/>\t\t<\/div>\n\t\t\t\t<div class=\"elementor-portfolio-item__overlay\">\n\t\t\t\t<h3 class=\"elementor-portfolio-item__title\">\n\t\tMaisons du Monde Palermo\t\t<\/h3>\n\t\t\t\t<\/div>\n\t\t\t\t<\/a>\n\t\t<\/article>\n\t\t\t\t<article class=\"elementor-portfolio-item elementor-post elementor-filter-35 post-2871 referenze type-referenze status-publish has-post-thumbnail hentry category-home-decor-de\" role=\"listitem\">\n\t\t\t<a class=\"elementor-post__thumbnail__link\" href=\"https:\/\/www.alhenaservice.com\/de\/referenzen\/maisons-du-monde-granroma\/\">\n\t\t\t\t<div class=\"elementor-portfolio-item__img elementor-post__thumbnail\">\n\t\t\t<img loading=\"lazy\" decoding=\"async\" width=\"768\" height=\"373\" src=\"https:\/\/www.alhenaservice.com\/wp-content\/uploads\/maison-du-monde-granroma-vetrina-referenza-home-decor-768x373.jpg\" class=\"attachment-medium_large size-medium_large wp-image-2154\" alt=\"\" srcset=\"https:\/\/www.alhenaservice.com\/wp-content\/uploads\/maison-du-monde-granroma-vetrina-referenza-home-decor-768x373.jpg 768w, https:\/\/www.alhenaservice.com\/wp-content\/uploads\/maison-du-monde-granroma-vetrina-referenza-home-decor-300x146.jpg 300w, https:\/\/www.alhenaservice.com\/wp-content\/uploads\/maison-du-monde-granroma-vetrina-referenza-home-decor.jpg 800w\" sizes=\"(max-width: 768px) 100vw, 768px\" \/>\t\t<\/div>\n\t\t\t\t<div class=\"elementor-portfolio-item__overlay\">\n\t\t\t\t<h3 class=\"elementor-portfolio-item__title\">\n\t\tMaisons du Monde GranRoma\t\t<\/h3>\n\t\t\t\t<\/div>\n\t\t\t\t<\/a>\n\t\t<\/article>\n\t\t\t\t<article class=\"elementor-portfolio-item elementor-post elementor-filter-35 post-2868 referenze type-referenze status-publish has-post-thumbnail hentry category-home-decor-de\" role=\"listitem\">\n\t\t\t<a class=\"elementor-post__thumbnail__link\" href=\"https:\/\/www.alhenaservice.com\/de\/referenzen\/maisons-du-monde-castione-andevenno\/\">\n\t\t\t\t<div class=\"elementor-portfolio-item__img elementor-post__thumbnail\">\n\t\t\t<img loading=\"lazy\" decoding=\"async\" width=\"768\" height=\"512\" src=\"https:\/\/www.alhenaservice.com\/wp-content\/uploads\/maisons-du-monde-castione-andevenno-referenza-home-decor-768x512.jpg\" class=\"attachment-medium_large size-medium_large wp-image-2167\" alt=\"\" srcset=\"https:\/\/www.alhenaservice.com\/wp-content\/uploads\/maisons-du-monde-castione-andevenno-referenza-home-decor-768x512.jpg 768w, https:\/\/www.alhenaservice.com\/wp-content\/uploads\/maisons-du-monde-castione-andevenno-referenza-home-decor-300x200.jpg 300w, https:\/\/www.alhenaservice.com\/wp-content\/uploads\/maisons-du-monde-castione-andevenno-referenza-home-decor.jpg 800w\" sizes=\"(max-width: 768px) 100vw, 768px\" \/>\t\t<\/div>\n\t\t\t\t<div class=\"elementor-portfolio-item__overlay\">\n\t\t\t\t<h3 class=\"elementor-portfolio-item__title\">\n\t\tMaisons du Monde Castione Andevenno\t\t<\/h3>\n\t\t\t\t<\/div>\n\t\t\t\t<\/a>\n\t\t<\/article>\n\t\t\t\t<\/div>\n\t\t\t\t\t\t<\/div>\n\t\t\t\t<\/div>\n\t\t\t\t\t<\/div>\n\t\t<\/div>\n\t\t\t\t\t<\/div>\n\t\t<\/section>\n\t\t\t\t<\/div>\n\t\t","protected":false},"excerpt":{"rendered":"<p>Retail design Sektoren Referenzen Case history<\/p>\n","protected":false},"author":1,"featured_media":0,"parent":0,"menu_order":0,"comment_status":"closed","ping_status":"closed","template":"","meta":{"_acf_changed":false,"footnotes":""},"class_list":["post-2795","page","type-page","status-publish","hentry"],"acf":[],"yoast_head":"<!-- This site is optimized with the Yoast SEO plugin v27.1 - https:\/\/yoast.com\/product\/yoast-seo-wordpress\/ -->\n<title>Realisierung der Gesch\u00e4fte | Referenzen | Alhena Service<\/title>\n<meta name=\"description\" content=\"Sehen Sie sich das Portfolio der Gesch\u00e4fte und Verkaufsstellen von Alhena Service an: \u00fcber 300 Gesch\u00e4fte und mehr als 20 Marken in ganz Europa.\" \/>\n<meta name=\"robots\" content=\"index, follow, max-snippet:-1, max-image-preview:large, max-video-preview:-1\" \/>\n<link rel=\"canonical\" href=\"https:\/\/www.alhenaservice.com\/de\/referenzen\/\" \/>\n<meta property=\"og:locale\" content=\"de_DE\" \/>\n<meta property=\"og:type\" content=\"article\" \/>\n<meta property=\"og:title\" content=\"Realisierung der Gesch\u00e4fte | Referenzen | Alhena Service\" \/>\n<meta property=\"og:description\" content=\"Sehen Sie sich das Portfolio der Gesch\u00e4fte und Verkaufsstellen von Alhena Service an: \u00fcber 300 Gesch\u00e4fte und mehr als 20 Marken in ganz Europa.\" \/>\n<meta property=\"og:url\" content=\"https:\/\/www.alhenaservice.com\/de\/referenzen\/\" \/>\n<meta property=\"og:site_name\" content=\"Alhena\" \/>\n<meta property=\"article:modified_time\" content=\"2020-06-17T15:11:54+00:00\" \/>\n<meta name=\"twitter:card\" content=\"summary_large_image\" \/>\n<script type=\"application\/ld+json\" class=\"yoast-schema-graph\">{\"@context\":\"https:\/\/schema.org\",\"@graph\":[{\"@type\":\"WebPage\",\"@id\":\"https:\/\/www.alhenaservice.com\/de\/referenzen\/\",\"url\":\"https:\/\/www.alhenaservice.com\/de\/referenzen\/\",\"name\":\"Realisierung der Gesch\u00e4fte | Referenzen | Alhena Service\",\"isPartOf\":{\"@id\":\"https:\/\/www.alhenaservice.com\/de\/#website\"},\"datePublished\":\"2020-02-22T10:06:14+00:00\",\"dateModified\":\"2020-06-17T15:11:54+00:00\",\"description\":\"Sehen Sie sich das Portfolio der Gesch\u00e4fte und Verkaufsstellen von Alhena Service an: \u00fcber 300 Gesch\u00e4fte und mehr als 20 Marken in ganz Europa.\",\"breadcrumb\":{\"@id\":\"https:\/\/www.alhenaservice.com\/de\/referenzen\/#breadcrumb\"},\"inLanguage\":\"de\",\"potentialAction\":[{\"@type\":\"ReadAction\",\"target\":[\"https:\/\/www.alhenaservice.com\/de\/referenzen\/\"]}]},{\"@type\":\"BreadcrumbList\",\"@id\":\"https:\/\/www.alhenaservice.com\/de\/referenzen\/#breadcrumb\",\"itemListElement\":[{\"@type\":\"ListItem\",\"position\":1,\"name\":\"Home\",\"item\":\"https:\/\/www.alhenaservice.com\/de\/\"},{\"@type\":\"ListItem\",\"position\":2,\"name\":\"Referenzen\"}]},{\"@type\":\"WebSite\",\"@id\":\"https:\/\/www.alhenaservice.com\/de\/#website\",\"url\":\"https:\/\/www.alhenaservice.com\/de\/\",\"name\":\"Alhena\",\"description\":\"expertise globale\",\"publisher\":{\"@id\":\"https:\/\/www.alhenaservice.com\/de\/#organization\"},\"potentialAction\":[{\"@type\":\"SearchAction\",\"target\":{\"@type\":\"EntryPoint\",\"urlTemplate\":\"https:\/\/www.alhenaservice.com\/de\/?s={search_term_string}\"},\"query-input\":{\"@type\":\"PropertyValueSpecification\",\"valueRequired\":true,\"valueName\":\"search_term_string\"}}],\"inLanguage\":\"de\"},{\"@type\":\"Organization\",\"@id\":\"https:\/\/www.alhenaservice.com\/de\/#organization\",\"name\":\"Alhena\",\"url\":\"https:\/\/www.alhenaservice.com\/de\/\",\"logo\":{\"@type\":\"ImageObject\",\"inLanguage\":\"de\",\"@id\":\"https:\/\/www.alhenaservice.com\/de\/#\/schema\/logo\/image\/\",\"url\":\"https:\/\/www.alhenaservice.com\/wp-content\/uploads\/logo-sito-alhena.png\",\"contentUrl\":\"https:\/\/www.alhenaservice.com\/wp-content\/uploads\/logo-sito-alhena.png\",\"width\":710,\"height\":240,\"caption\":\"Alhena\"},\"image\":{\"@id\":\"https:\/\/www.alhenaservice.com\/de\/#\/schema\/logo\/image\/\"}}]}<\/script>\n<!-- \/ Yoast SEO plugin. -->","yoast_head_json":{"title":"Realisierung der Gesch\u00e4fte | Referenzen | Alhena Service","description":"Sehen Sie sich das Portfolio der Gesch\u00e4fte und Verkaufsstellen von Alhena Service an: \u00fcber 300 Gesch\u00e4fte und mehr als 20 Marken in ganz Europa.","robots":{"index":"index","follow":"follow","max-snippet":"max-snippet:-1","max-image-preview":"max-image-preview:large","max-video-preview":"max-video-preview:-1"},"canonical":"https:\/\/www.alhenaservice.com\/de\/referenzen\/","og_locale":"de_DE","og_type":"article","og_title":"Realisierung der Gesch\u00e4fte | Referenzen | Alhena Service","og_description":"Sehen Sie sich das Portfolio der Gesch\u00e4fte und Verkaufsstellen von Alhena Service an: \u00fcber 300 Gesch\u00e4fte und mehr als 20 Marken in ganz Europa.","og_url":"https:\/\/www.alhenaservice.com\/de\/referenzen\/","og_site_name":"Alhena","article_modified_time":"2020-06-17T15:11:54+00:00","twitter_card":"summary_large_image","schema":{"@context":"https:\/\/schema.org","@graph":[{"@type":"WebPage","@id":"https:\/\/www.alhenaservice.com\/de\/referenzen\/","url":"https:\/\/www.alhenaservice.com\/de\/referenzen\/","name":"Realisierung der Gesch\u00e4fte | Referenzen | Alhena Service","isPartOf":{"@id":"https:\/\/www.alhenaservice.com\/de\/#website"},"datePublished":"2020-02-22T10:06:14+00:00","dateModified":"2020-06-17T15:11:54+00:00","description":"Sehen Sie sich das Portfolio der Gesch\u00e4fte und Verkaufsstellen von Alhena Service an: \u00fcber 300 Gesch\u00e4fte und mehr als 20 Marken in ganz Europa.","breadcrumb":{"@id":"https:\/\/www.alhenaservice.com\/de\/referenzen\/#breadcrumb"},"inLanguage":"de","potentialAction":[{"@type":"ReadAction","target":["https:\/\/www.alhenaservice.com\/de\/referenzen\/"]}]},{"@type":"BreadcrumbList","@id":"https:\/\/www.alhenaservice.com\/de\/referenzen\/#breadcrumb","itemListElement":[{"@type":"ListItem","position":1,"name":"Home","item":"https:\/\/www.alhenaservice.com\/de\/"},{"@type":"ListItem","position":2,"name":"Referenzen"}]},{"@type":"WebSite","@id":"https:\/\/www.alhenaservice.com\/de\/#website","url":"https:\/\/www.alhenaservice.com\/de\/","name":"Alhena","description":"expertise globale","publisher":{"@id":"https:\/\/www.alhenaservice.com\/de\/#organization"},"potentialAction":[{"@type":"SearchAction","target":{"@type":"EntryPoint","urlTemplate":"https:\/\/www.alhenaservice.com\/de\/?s={search_term_string}"},"query-input":{"@type":"PropertyValueSpecification","valueRequired":true,"valueName":"search_term_string"}}],"inLanguage":"de"},{"@type":"Organization","@id":"https:\/\/www.alhenaservice.com\/de\/#organization","name":"Alhena","url":"https:\/\/www.alhenaservice.com\/de\/","logo":{"@type":"ImageObject","inLanguage":"de","@id":"https:\/\/www.alhenaservice.com\/de\/#\/schema\/logo\/image\/","url":"https:\/\/www.alhenaservice.com\/wp-content\/uploads\/logo-sito-alhena.png","contentUrl":"https:\/\/www.alhenaservice.com\/wp-content\/uploads\/logo-sito-alhena.png","width":710,"height":240,"caption":"Alhena"},"image":{"@id":"https:\/\/www.alhenaservice.com\/de\/#\/schema\/logo\/image\/"}}]}},"_links":{"self":[{"href":"https:\/\/www.alhenaservice.com\/de\/wp-json\/wp\/v2\/pages\/2795","targetHints":{"allow":["GET"]}}],"collection":[{"href":"https:\/\/www.alhenaservice.com\/de\/wp-json\/wp\/v2\/pages"}],"about":[{"href":"https:\/\/www.alhenaservice.com\/de\/wp-json\/wp\/v2\/types\/page"}],"author":[{"embeddable":true,"href":"https:\/\/www.alhenaservice.com\/de\/wp-json\/wp\/v2\/users\/1"}],"replies":[{"embeddable":true,"href":"https:\/\/www.alhenaservice.com\/de\/wp-json\/wp\/v2\/comments?post=2795"}],"version-history":[{"count":9,"href":"https:\/\/www.alhenaservice.com\/de\/wp-json\/wp\/v2\/pages\/2795\/revisions"}],"predecessor-version":[{"id":3244,"href":"https:\/\/www.alhenaservice.com\/de\/wp-json\/wp\/v2\/pages\/2795\/revisions\/3244"}],"wp:attachment":[{"href":"https:\/\/www.alhenaservice.com\/de\/wp-json\/wp\/v2\/media?parent=2795"}],"curies":[{"name":"wp","href":"https:\/\/api.w.org\/{rel}","templated":true}]}}