{"id":2792,"date":"2020-02-22T11:04:36","date_gmt":"2020-02-22T10:04:36","guid":{"rendered":"http:\/\/www.alhenaservice.com\/neuigkeiten\/"},"modified":"2022-12-07T10:45:00","modified_gmt":"2022-12-07T09:45:00","slug":"nachrichten","status":"publish","type":"page","link":"https:\/\/www.alhenaservice.com\/de\/nachrichten\/","title":{"rendered":"Neuigkeiten"},"content":{"rendered":"\t\t<div data-elementor-type=\"wp-page\" data-elementor-id=\"2792\" class=\"elementor elementor-2792 elementor-1417\" data-elementor-post-type=\"page\">\n\t\t\t\t\t\t<section class=\"elementor-section elementor-top-section elementor-element elementor-element-43af5f3 elementor-section-boxed elementor-section-height-default elementor-section-height-default\" data-id=\"43af5f3\" data-element_type=\"section\" data-e-type=\"section\" data-settings=\"{&quot;jet_parallax_layout_list&quot;:[{&quot;jet_parallax_layout_image&quot;:{&quot;url&quot;:&quot;&quot;,&quot;id&quot;:&quot;&quot;,&quot;size&quot;:&quot;&quot;},&quot;_id&quot;:&quot;325824f&quot;,&quot;jet_parallax_layout_image_tablet&quot;:{&quot;url&quot;:&quot;&quot;,&quot;id&quot;:&quot;&quot;,&quot;size&quot;:&quot;&quot;},&quot;jet_parallax_layout_image_mobile&quot;:{&quot;url&quot;:&quot;&quot;,&quot;id&quot;:&quot;&quot;,&quot;size&quot;:&quot;&quot;},&quot;jet_parallax_layout_speed&quot;:{&quot;unit&quot;:&quot;%&quot;,&quot;size&quot;:50,&quot;sizes&quot;:[]},&quot;jet_parallax_layout_type&quot;:&quot;scroll&quot;,&quot;jet_parallax_layout_direction&quot;:null,&quot;jet_parallax_layout_fx_direction&quot;:null,&quot;jet_parallax_layout_z_index&quot;:&quot;&quot;,&quot;jet_parallax_layout_bg_x&quot;:50,&quot;jet_parallax_layout_bg_x_tablet&quot;:&quot;&quot;,&quot;jet_parallax_layout_bg_x_mobile&quot;:&quot;&quot;,&quot;jet_parallax_layout_bg_y&quot;:50,&quot;jet_parallax_layout_bg_y_tablet&quot;:&quot;&quot;,&quot;jet_parallax_layout_bg_y_mobile&quot;:&quot;&quot;,&quot;jet_parallax_layout_bg_size&quot;:&quot;auto&quot;,&quot;jet_parallax_layout_bg_size_tablet&quot;:&quot;&quot;,&quot;jet_parallax_layout_bg_size_mobile&quot;:&quot;&quot;,&quot;jet_parallax_layout_animation_prop&quot;:&quot;transform&quot;,&quot;jet_parallax_layout_on&quot;:[&quot;desktop&quot;,&quot;tablet&quot;]}]}\">\n\t\t\t\t\t\t<div class=\"elementor-container elementor-column-gap-default\">\n\t\t\t\t\t<div class=\"elementor-column elementor-col-100 elementor-top-column elementor-element elementor-element-9d60989\" data-id=\"9d60989\" data-element_type=\"column\" data-e-type=\"column\">\n\t\t\t<div class=\"elementor-widget-wrap elementor-element-populated\">\n\t\t\t\t\t\t<div class=\"elementor-element elementor-element-60901b7 elementor-grid-2 elementor-grid-tablet-2 elementor-grid-mobile-1 elementor-posts--thumbnail-top elementor-widget elementor-widget-posts\" data-id=\"60901b7\" data-element_type=\"widget\" data-e-type=\"widget\" data-settings=\"{&quot;classic_columns&quot;:&quot;2&quot;,&quot;classic_row_gap&quot;:{&quot;unit&quot;:&quot;px&quot;,&quot;size&quot;:10,&quot;sizes&quot;:[]},&quot;pagination_type&quot;:&quot;numbers&quot;,&quot;classic_columns_tablet&quot;:&quot;2&quot;,&quot;classic_columns_mobile&quot;:&quot;1&quot;,&quot;classic_row_gap_tablet&quot;:{&quot;unit&quot;:&quot;px&quot;,&quot;size&quot;:&quot;&quot;,&quot;sizes&quot;:[]},&quot;classic_row_gap_mobile&quot;:{&quot;unit&quot;:&quot;px&quot;,&quot;size&quot;:&quot;&quot;,&quot;sizes&quot;:[]}}\" data-widget_type=\"posts.classic\">\n\t\t\t\t<div class=\"elementor-widget-container\">\n\t\t\t\t\t\t\t<div class=\"elementor-posts-container elementor-posts elementor-posts--skin-classic elementor-grid\" role=\"list\">\n\t\t\t\t<article class=\"elementor-post elementor-grid-item post-2956 post type-post status-publish format-standard has-post-thumbnail hentry category-neuigkeiten\" role=\"listitem\">\n\t\t\t\t<a class=\"elementor-post__thumbnail__link\" href=\"https:\/\/www.alhenaservice.com\/de\/euroshop-2020\/\" tabindex=\"-1\" >\n\t\t\t<div class=\"elementor-post__thumbnail\"><img fetchpriority=\"high\" decoding=\"async\" width=\"768\" height=\"480\" src=\"https:\/\/www.alhenaservice.com\/wp-content\/uploads\/euroshop-2020-768x480.jpg\" class=\"attachment-medium_large size-medium_large wp-image-2247\" alt=\"euroshop-2020\" srcset=\"https:\/\/www.alhenaservice.com\/wp-content\/uploads\/euroshop-2020-768x480.jpg 768w, https:\/\/www.alhenaservice.com\/wp-content\/uploads\/euroshop-2020-300x188.jpg 300w, https:\/\/www.alhenaservice.com\/wp-content\/uploads\/euroshop-2020.jpg 800w\" sizes=\"(max-width: 768px) 100vw, 768px\" \/><\/div>\n\t\t<\/a>\n\t\t\t\t<div class=\"elementor-post__text\">\n\t\t\t\t<h3 class=\"elementor-post__title\">\n\t\t\t<a href=\"https:\/\/www.alhenaservice.com\/de\/euroshop-2020\/\" >\n\t\t\t\tAlhena bei der Euroshop 2020\t\t\t<\/a>\n\t\t<\/h3>\n\t\t\t\t<div class=\"elementor-post__meta-data\">\n\t\t\t\t\t<span class=\"elementor-post-date\">\n\t\t\t25 M\u00e4rz 2020\t\t<\/span>\n\t\t\t\t<\/div>\n\t\t\t\t<div class=\"elementor-post__excerpt\">\n\t\t\t<p>Messen sind eine wertvolle Gelegenheit zur Sichtbarkeit, aber auch zum Vergleich mit allen&#8230;<\/p>\n\t\t<\/div>\n\t\t\n\t\t<a class=\"elementor-post__read-more\" href=\"https:\/\/www.alhenaservice.com\/de\/euroshop-2020\/\" aria-label=\"Mehr \u00fcber Alhena bei der Euroshop 2020\" tabindex=\"-1\" >\n\t\t\tLesen Sie weiter\t\t<\/a>\n\n\t\t\t\t<\/div>\n\t\t\t\t<\/article>\n\t\t\t\t<article class=\"elementor-post elementor-grid-item post-2954 post type-post status-publish format-standard has-post-thumbnail hentry category-neuigkeiten\" role=\"listitem\">\n\t\t\t\t<a class=\"elementor-post__thumbnail__link\" href=\"https:\/\/www.alhenaservice.com\/de\/bauprojekte-retail-2020-mdm-jules\/\" tabindex=\"-1\" >\n\t\t\t<div class=\"elementor-post__thumbnail\"><img decoding=\"async\" width=\"768\" height=\"480\" src=\"https:\/\/www.alhenaservice.com\/wp-content\/uploads\/nuovi-cantieri-alhena-2020-768x480.jpg\" class=\"attachment-medium_large size-medium_large wp-image-2243\" alt=\"Alhena a Euroshop 2020\" srcset=\"https:\/\/www.alhenaservice.com\/wp-content\/uploads\/nuovi-cantieri-alhena-2020-768x480.jpg 768w, https:\/\/www.alhenaservice.com\/wp-content\/uploads\/nuovi-cantieri-alhena-2020-300x188.jpg 300w, https:\/\/www.alhenaservice.com\/wp-content\/uploads\/nuovi-cantieri-alhena-2020.jpg 800w\" sizes=\"(max-width: 768px) 100vw, 768px\" \/><\/div>\n\t\t<\/a>\n\t\t\t\t<div class=\"elementor-post__text\">\n\t\t\t\t<h3 class=\"elementor-post__title\">\n\t\t\t<a href=\"https:\/\/www.alhenaservice.com\/de\/bauprojekte-retail-2020-mdm-jules\/\" >\n\t\t\t\tNeue Projekte im Einzelhandel f\u00fcr Alhena\t\t\t<\/a>\n\t\t<\/h3>\n\t\t\t\t<div class=\"elementor-post__meta-data\">\n\t\t\t\t\t<span class=\"elementor-post-date\">\n\t\t\t25 M\u00e4rz 2020\t\t<\/span>\n\t\t\t\t<\/div>\n\t\t\t\t<div class=\"elementor-post__excerpt\">\n\t\t\t<p>Das Portfolio von Alhena wird Anfang 2020 um zwei wichtige Auftr\u00e4ge erweitert&#8230;<\/p>\n\t\t<\/div>\n\t\t\n\t\t<a class=\"elementor-post__read-more\" href=\"https:\/\/www.alhenaservice.com\/de\/bauprojekte-retail-2020-mdm-jules\/\" aria-label=\"Mehr \u00fcber Neue Projekte im Einzelhandel f\u00fcr Alhena\" tabindex=\"-1\" >\n\t\t\tLesen Sie weiter\t\t<\/a>\n\n\t\t\t\t<\/div>\n\t\t\t\t<\/article>\n\t\t\t\t<\/div>\n\t\t\n\t\t\t\t\t\t<\/div>\n\t\t\t\t<\/div>\n\t\t\t\t\t<\/div>\n\t\t<\/div>\n\t\t\t\t\t<\/div>\n\t\t<\/section>\n\t\t\t\t<\/div>\n\t\t","protected":false},"excerpt":{"rendered":"","protected":false},"author":1,"featured_media":0,"parent":0,"menu_order":0,"comment_status":"closed","ping_status":"closed","template":"","meta":{"_acf_changed":false,"footnotes":""},"class_list":["post-2792","page","type-page","status-publish","hentry"],"acf":[],"yoast_head":"<!-- This site is optimized with the Yoast SEO plugin v27.1 - https:\/\/yoast.com\/product\/yoast-seo-wordpress\/ -->\n<title>News \u00fcber den Einzelhandelssektor | Alhena Service<\/title>\n<meta name=\"description\" content=\"Nachrichten, hei\u00dfe Themen und Denkanst\u00f6\u00dfe f\u00fcr den Einzelhandels- und Immobiliensektor, die von den technischen Experten des Alhena Service verfasst wurden.\" \/>\n<meta name=\"robots\" content=\"index, follow, max-snippet:-1, max-image-preview:large, max-video-preview:-1\" \/>\n<link rel=\"canonical\" href=\"https:\/\/www.alhenaservice.com\/de\/nachrichten\/\" \/>\n<meta property=\"og:locale\" content=\"de_DE\" \/>\n<meta property=\"og:type\" content=\"article\" \/>\n<meta property=\"og:title\" content=\"News \u00fcber den Einzelhandelssektor | Alhena Service\" \/>\n<meta property=\"og:description\" content=\"Nachrichten, hei\u00dfe Themen und Denkanst\u00f6\u00dfe f\u00fcr den Einzelhandels- und Immobiliensektor, die von den technischen Experten des Alhena Service verfasst wurden.\" \/>\n<meta property=\"og:url\" content=\"https:\/\/www.alhenaservice.com\/de\/nachrichten\/\" \/>\n<meta property=\"og:site_name\" content=\"Alhena\" \/>\n<meta property=\"article:modified_time\" content=\"2022-12-07T09:45:00+00:00\" \/>\n<meta name=\"twitter:card\" content=\"summary_large_image\" \/>\n<script type=\"application\/ld+json\" class=\"yoast-schema-graph\">{\"@context\":\"https:\/\/schema.org\",\"@graph\":[{\"@type\":\"WebPage\",\"@id\":\"https:\/\/www.alhenaservice.com\/de\/nachrichten\/\",\"url\":\"https:\/\/www.alhenaservice.com\/de\/nachrichten\/\",\"name\":\"News \u00fcber den Einzelhandelssektor | Alhena Service\",\"isPartOf\":{\"@id\":\"https:\/\/www.alhenaservice.com\/de\/#website\"},\"datePublished\":\"2020-02-22T10:04:36+00:00\",\"dateModified\":\"2022-12-07T09:45:00+00:00\",\"description\":\"Nachrichten, hei\u00dfe Themen und Denkanst\u00f6\u00dfe f\u00fcr den Einzelhandels- und Immobiliensektor, die von den technischen Experten des Alhena Service verfasst wurden.\",\"breadcrumb\":{\"@id\":\"https:\/\/www.alhenaservice.com\/de\/nachrichten\/#breadcrumb\"},\"inLanguage\":\"de\",\"potentialAction\":[{\"@type\":\"ReadAction\",\"target\":[\"https:\/\/www.alhenaservice.com\/de\/nachrichten\/\"]}]},{\"@type\":\"BreadcrumbList\",\"@id\":\"https:\/\/www.alhenaservice.com\/de\/nachrichten\/#breadcrumb\",\"itemListElement\":[{\"@type\":\"ListItem\",\"position\":1,\"name\":\"Home\",\"item\":\"https:\/\/www.alhenaservice.com\/de\/\"},{\"@type\":\"ListItem\",\"position\":2,\"name\":\"Neuigkeiten\"}]},{\"@type\":\"WebSite\",\"@id\":\"https:\/\/www.alhenaservice.com\/de\/#website\",\"url\":\"https:\/\/www.alhenaservice.com\/de\/\",\"name\":\"Alhena\",\"description\":\"expertise globale\",\"publisher\":{\"@id\":\"https:\/\/www.alhenaservice.com\/de\/#organization\"},\"potentialAction\":[{\"@type\":\"SearchAction\",\"target\":{\"@type\":\"EntryPoint\",\"urlTemplate\":\"https:\/\/www.alhenaservice.com\/de\/?s={search_term_string}\"},\"query-input\":{\"@type\":\"PropertyValueSpecification\",\"valueRequired\":true,\"valueName\":\"search_term_string\"}}],\"inLanguage\":\"de\"},{\"@type\":\"Organization\",\"@id\":\"https:\/\/www.alhenaservice.com\/de\/#organization\",\"name\":\"Alhena\",\"url\":\"https:\/\/www.alhenaservice.com\/de\/\",\"logo\":{\"@type\":\"ImageObject\",\"inLanguage\":\"de\",\"@id\":\"https:\/\/www.alhenaservice.com\/de\/#\/schema\/logo\/image\/\",\"url\":\"https:\/\/www.alhenaservice.com\/wp-content\/uploads\/logo-sito-alhena.png\",\"contentUrl\":\"https:\/\/www.alhenaservice.com\/wp-content\/uploads\/logo-sito-alhena.png\",\"width\":710,\"height\":240,\"caption\":\"Alhena\"},\"image\":{\"@id\":\"https:\/\/www.alhenaservice.com\/de\/#\/schema\/logo\/image\/\"}}]}<\/script>\n<!-- \/ Yoast SEO plugin. -->","yoast_head_json":{"title":"News \u00fcber den Einzelhandelssektor | Alhena Service","description":"Nachrichten, hei\u00dfe Themen und Denkanst\u00f6\u00dfe f\u00fcr den Einzelhandels- und Immobiliensektor, die von den technischen Experten des Alhena Service verfasst wurden.","robots":{"index":"index","follow":"follow","max-snippet":"max-snippet:-1","max-image-preview":"max-image-preview:large","max-video-preview":"max-video-preview:-1"},"canonical":"https:\/\/www.alhenaservice.com\/de\/nachrichten\/","og_locale":"de_DE","og_type":"article","og_title":"News \u00fcber den Einzelhandelssektor | Alhena Service","og_description":"Nachrichten, hei\u00dfe Themen und Denkanst\u00f6\u00dfe f\u00fcr den Einzelhandels- und Immobiliensektor, die von den technischen Experten des Alhena Service verfasst wurden.","og_url":"https:\/\/www.alhenaservice.com\/de\/nachrichten\/","og_site_name":"Alhena","article_modified_time":"2022-12-07T09:45:00+00:00","twitter_card":"summary_large_image","schema":{"@context":"https:\/\/schema.org","@graph":[{"@type":"WebPage","@id":"https:\/\/www.alhenaservice.com\/de\/nachrichten\/","url":"https:\/\/www.alhenaservice.com\/de\/nachrichten\/","name":"News \u00fcber den Einzelhandelssektor | Alhena Service","isPartOf":{"@id":"https:\/\/www.alhenaservice.com\/de\/#website"},"datePublished":"2020-02-22T10:04:36+00:00","dateModified":"2022-12-07T09:45:00+00:00","description":"Nachrichten, hei\u00dfe Themen und Denkanst\u00f6\u00dfe f\u00fcr den Einzelhandels- und Immobiliensektor, die von den technischen Experten des Alhena Service verfasst wurden.","breadcrumb":{"@id":"https:\/\/www.alhenaservice.com\/de\/nachrichten\/#breadcrumb"},"inLanguage":"de","potentialAction":[{"@type":"ReadAction","target":["https:\/\/www.alhenaservice.com\/de\/nachrichten\/"]}]},{"@type":"BreadcrumbList","@id":"https:\/\/www.alhenaservice.com\/de\/nachrichten\/#breadcrumb","itemListElement":[{"@type":"ListItem","position":1,"name":"Home","item":"https:\/\/www.alhenaservice.com\/de\/"},{"@type":"ListItem","position":2,"name":"Neuigkeiten"}]},{"@type":"WebSite","@id":"https:\/\/www.alhenaservice.com\/de\/#website","url":"https:\/\/www.alhenaservice.com\/de\/","name":"Alhena","description":"expertise globale","publisher":{"@id":"https:\/\/www.alhenaservice.com\/de\/#organization"},"potentialAction":[{"@type":"SearchAction","target":{"@type":"EntryPoint","urlTemplate":"https:\/\/www.alhenaservice.com\/de\/?s={search_term_string}"},"query-input":{"@type":"PropertyValueSpecification","valueRequired":true,"valueName":"search_term_string"}}],"inLanguage":"de"},{"@type":"Organization","@id":"https:\/\/www.alhenaservice.com\/de\/#organization","name":"Alhena","url":"https:\/\/www.alhenaservice.com\/de\/","logo":{"@type":"ImageObject","inLanguage":"de","@id":"https:\/\/www.alhenaservice.com\/de\/#\/schema\/logo\/image\/","url":"https:\/\/www.alhenaservice.com\/wp-content\/uploads\/logo-sito-alhena.png","contentUrl":"https:\/\/www.alhenaservice.com\/wp-content\/uploads\/logo-sito-alhena.png","width":710,"height":240,"caption":"Alhena"},"image":{"@id":"https:\/\/www.alhenaservice.com\/de\/#\/schema\/logo\/image\/"}}]}},"_links":{"self":[{"href":"https:\/\/www.alhenaservice.com\/de\/wp-json\/wp\/v2\/pages\/2792","targetHints":{"allow":["GET"]}}],"collection":[{"href":"https:\/\/www.alhenaservice.com\/de\/wp-json\/wp\/v2\/pages"}],"about":[{"href":"https:\/\/www.alhenaservice.com\/de\/wp-json\/wp\/v2\/types\/page"}],"author":[{"embeddable":true,"href":"https:\/\/www.alhenaservice.com\/de\/wp-json\/wp\/v2\/users\/1"}],"replies":[{"embeddable":true,"href":"https:\/\/www.alhenaservice.com\/de\/wp-json\/wp\/v2\/comments?post=2792"}],"version-history":[{"count":1,"href":"https:\/\/www.alhenaservice.com\/de\/wp-json\/wp\/v2\/pages\/2792\/revisions"}],"predecessor-version":[{"id":2793,"href":"https:\/\/www.alhenaservice.com\/de\/wp-json\/wp\/v2\/pages\/2792\/revisions\/2793"}],"wp:attachment":[{"href":"https:\/\/www.alhenaservice.com\/de\/wp-json\/wp\/v2\/media?parent=2792"}],"curies":[{"name":"wp","href":"https:\/\/api.w.org\/{rel}","templated":true}]}}